{"id":24305,"date":"2021-06-25T11:31:55","date_gmt":"2021-06-25T09:31:55","guid":{"rendered":"https:\/\/andaluciaaerospace.com\/politica-de-cookies\/"},"modified":"2021-07-09T09:03:49","modified_gmt":"2021-07-09T07:03:49","slug":"cookies-policy","status":"publish","type":"page","link":"https:\/\/andaluciaaerospace.com\/en\/cookies-policy\/","title":{"rendered":"Cookies policy"},"content":{"rendered":"<div class=\"cabecera-con-degradado\"><span class=\"degradado-cabecera\"><\/span><br \/>\n<img decoding=\"async\" class=\"wp-post-image\" src=\"http:\/\/andaluciaaerospace.com\/wp-content\/uploads\/2021\/04\/cabecera-contacto.jpg\" alt=\"Avi\u00f3n volando en puesta de sol\" \/>\n<\/div>\n<div class=\"asociado container-fluid pt-5 mb-5\">\n<div class=\"row\">\n<div class=\"col-xs-12 col-md-1\"><\/div>\n<div class=\"col-xs-12 col-md-10\">\n<h1 class=\"pb-2 mb-4\">Cookies policy<\/h1>\n<div class=\"px-5\">\n<p class=\"texto\">Cookies help us deliver our services. By using our services, you agree to our use of cookies.<\/p>\n<p class=\"texto\">A cookie is a small piece of text most browsers store in your device when you visit some websites. It helps the website to remember information about your visit. This is how websites remember your preferences, like your language selection, zoom or favorite products or services, in order to offer you a better experience.<\/p>\n<p class=\"texto\">Our website uses technical cookies to identify you so we can offer you a much more fluid navigation. No personal information is collected about you or about your computer.<\/p>\n<p class=\"texto\">Our webite also use third party analytical cookies from Google Analytics to recognize and count the number of visitors to our website, and to see how visitors move around the site when they are using it. This helps us to improve your website experience and the services we provide.<\/p>\n<h5 class=\"texto-semidestacado\">COOKIES USED ON THE WEB<\/h5>\n<table class=\"table\" cellspacing=\"0\" cellpadding=\"0\">\n<tbody>\n<tr>\n<td><b>Doamin<\/b><\/td>\n<td><b>Cookie name<\/b><\/td>\n<td><b>Part<\/b><\/td>\n<td><b>Session<\/b><\/td>\n<td><b>Conservation period<\/b><\/td>\n<td><b>Purpose<br \/>\n<\/b><\/td>\n<\/tr>\n<tr>\n<td>andaluciaaerospace.com<\/td>\n<td><strong>_ga<\/strong><\/td>\n<td>Third parties. Google Analytics<\/td>\n<td>Permanent, temporary<\/td>\n<td>2 years<\/td>\n<td>It calculates the number of visitors, the duration of the session, data for campaigns and it monitors the site for analytical reporting purposes. These cookies provide anonymous information and are assigned to a randomly generated number to identify unique visitors to the web.<\/td>\n<\/tr>\n<tr>\n<td>andaluciaaerospace.com<\/td>\n<td><strong>_gid<\/strong><\/td>\n<td>Third parties. Google Analytics<\/td>\n<td>Permanent, temporary<\/td>\n<td>1 day<\/td>\n<td>Shows information about how users use the web. The data collected includes the number of visitors, where they come from and which pages they have visited.<\/td>\n<\/tr>\n<tr>\n<td>andaluciaaerospace.com<\/td>\n<td><strong>_gat_gtag_UA_32177698_1<\/strong><\/td>\n<td>Third parties. Google Analytics<\/td>\n<td>Permanent, temporary<\/td>\n<td>1 minute<\/td>\n<td>Access to Google Analytics<\/td>\n<\/tr>\n<tr>\n<td>andaluciaaerospace.com<\/td>\n<td><strong>NID<\/strong><\/td>\n<td>Third parties. Google<\/td>\n<td>Permanent, temporary<\/td>\n<td>6 months<\/td>\n<td>Transmits a unique identifier number so that Google can store the web visitor&#8217;s preferred information.<\/td>\n<\/tr>\n<tr>\n<td>andaluciaaerospace.com<\/td>\n<td><strong>moove_gdpr_popup<\/strong><\/td>\n<td>Third parties. Plugin cookies<\/td>\n<td>Permanente, temporal<\/td>\n<td>Session<\/td>\n<td>Controls the saving of cookies after the acceptance or rejection of them by the user.<\/td>\n<\/tr>\n<tr>\n<td>andaluciaaerospace.com<\/td>\n<td><strong>wp-wpml_current_language<\/strong><\/td>\n<td>Third parties. WPML<\/td>\n<td>Permanent, temporary<\/td>\n<td>1 day<\/td>\n<td>Identify the preferred user&#8217;s language, as our site is multilingual.<\/td>\n<\/tr>\n<\/tbody>\n<\/table>\n<h5 class=\"texto-semidestacado\">REVOCATION COOKIES<\/h5>\n<p> <a href=\"\/#gdpr_cookie_modal\">HERE<\/a>.<\/p>\n<p class=\"texto\">Here is how to prevent new cookies from being installed. The exact procedure depends on which browser you are using:<\/p>\n<h5 class=\"texto-semidestacado\">GOOGLE CHROME<\/h5>\n<ul>\n<li>Click on the spanner icon in the top right of the browser<\/li>\n<li>Click on \u201cOptions\u201d<\/li>\n<li>Click on \u201cUnder the Bonnet\u201d (UK) \/ \u201cUnder the Hood\u201d (US)<\/li>\n<li>Click on the \u201cContent settings\u201d button in the Privacy section<\/li>\n<li>Ensure that \u201cAllow local data to be set\u201d is selected<\/li>\n<li>Select \u201cBlock sites from setting any data\u201d<\/li>\n<\/ul>\n<p class=\"texto\"><a href=\"https:\/\/support.google.com\/chrome\/answer\/95647?hl=es\" rel=\"noopener\" target=\"_blank\">More information on browser support page.<\/a><\/p>\n<h5 class=\"texto-semidestacado\">MICROSOFT INTERNET EXPLORER<\/h5>\n<ul>\n<li>Go to Tools in the menu bar<\/li>\n<li>Click on Internet Options<\/li>\n<li>Click on the Privacy tab on top<\/li>\n<li>Move the slider up to the \u201cBlock all Cookies\u201d button<\/li>\n<\/ul>\n<p class=\"texto\"><a href=\"https:\/\/support.microsoft.com\/es-es\/windows\/eliminar-y-administrar-cookies-168dab11-0753-043d-7c16-ede5947fc64d#ie=ie-11\" rel=\"noopener\" target=\"_blank\">More information on browser support page.<\/a><\/p>\n<h5 class=\"texto-semidestacado\">MOZILLA FIREFOX<\/h5>\n<ul>\n<li>Go to Tools in the menu bar<\/li>\n<li>Click on Options<\/li>\n<li>Click on the Privacy tab<\/li>\n<li>Disable the box that says \u201cAccept Cookies From sites\u201d<\/li>\n<\/ul>\n<p class=\"texto\"><a href=\"https:\/\/support.mozilla.org\/es\/kb\/habilitar-y-deshabilitar-cookies-sitios-web-rastrear-preferencias?redirectslug=habilitar-y-deshabilitar-cookies-que-los-sitios-we&#038;redirectlocale=es\" rel=\"noopener\" target=\"_blank\">More information on browser support page.<\/a><\/p>\n<h5 class=\"texto-semidestacado\">SAFARI<\/h5>\n<ul>\n<li>Go to the Safari menu (icon in top right of browser) and select Preferences<\/li>\n<li>In the popup window that appears, select the Security icon (a padlock)<\/li>\n<li>Under \u201cAccept Cookies\u201d, select the \u201cNever\u201d button<\/li>\n<\/ul>\n<p class=\"texto\"><a href=\"https:\/\/support.apple.com\/kb\/ph21411?locale=es_ES\" rel=\"noopener\" target=\"_blank\">More information on browser support page.<\/a><\/p>\n<p class=\"texto\">For other devices and browsers, the procedure is similar. However, please refer to the support page for each provider for more details.<\/p>\n<\/div>\n<\/div>\n<div class=\"col-xs-12 col-md-1\"><\/div>\n<\/div>\n<\/div>\n","protected":false},"excerpt":{"rendered":"<p>Cookies policy Cookies help us deliver our services. By using our services, you agree to our use of cookies. A cookie is a small piece of text most browsers store in your device when you visit some websites. It helps the website to remember information about your visit. This is how websites remember your preferences,<\/p>\n<a class=\"btn btn-primary read-more-button\" href=\"https:\/\/andaluciaaerospace.com\/en\/cookies-policy\/\">Leer m\u00e1s...<\/a>","protected":false},"author":1,"featured_media":0,"parent":0,"menu_order":0,"comment_status":"closed","ping_status":"closed","template":"pages-templates\/empty-page.php","meta":{"_acf_changed":false,"_bbp_topic_count":0,"_bbp_reply_count":0,"_bbp_total_topic_count":0,"_bbp_total_reply_count":0,"_bbp_voice_count":0,"_bbp_anonymous_reply_count":0,"_bbp_topic_count_hidden":0,"_bbp_reply_count_hidden":0,"_bbp_forum_subforum_count":0,"footnotes":""},"class_list":["post-24305","page","type-page","status-publish","hentry"],"acf":[],"yoast_head":"<!-- This site is optimized with the Yoast SEO plugin v23.6 - https:\/\/yoast.com\/wordpress\/plugins\/seo\/ -->\n<title>Cookies policy - Andaluc\u00eda Aerospace<\/title>\n<meta name=\"description\" content=\"Cookies policy .Andaluc\u00eda Aerospace, cl\u00faster empresarial aeroespacial andaluz.\" \/>\n<meta name=\"robots\" content=\"index, follow, max-snippet:-1, max-image-preview:large, max-video-preview:-1\" \/>\n<link rel=\"canonical\" href=\"https:\/\/andaluciaaerospace.com\/en\/cookies-policy\/\" \/>\n<meta property=\"og:locale\" content=\"en_US\" \/>\n<meta property=\"og:type\" content=\"article\" \/>\n<meta property=\"og:title\" content=\"Cookies policy - Andaluc\u00eda Aerospace\" \/>\n<meta property=\"og:description\" content=\"Cookies policy .Andaluc\u00eda Aerospace, cl\u00faster empresarial aeroespacial andaluz.\" \/>\n<meta property=\"og:url\" content=\"https:\/\/andaluciaaerospace.com\/en\/cookies-policy\/\" \/>\n<meta property=\"og:site_name\" content=\"Andaluc\u00eda Aerospace\" \/>\n<meta property=\"article:modified_time\" content=\"2021-07-09T07:03:49+00:00\" \/>\n<meta property=\"og:image\" content=\"http:\/\/andaluciaaerospace.com\/wp-content\/uploads\/2021\/04\/cabecera-contacto.jpg\" \/>\n<meta name=\"twitter:card\" content=\"summary_large_image\" \/>\n<meta name=\"twitter:label1\" content=\"Est. reading time\" \/>\n\t<meta name=\"twitter:data1\" content=\"3 minutes\" \/>\n<script type=\"application\/ld+json\" class=\"yoast-schema-graph\">{\"@context\":\"https:\/\/schema.org\",\"@graph\":[{\"@type\":[\"WebPage\",\"SearchResultsPage\"],\"@id\":\"https:\/\/andaluciaaerospace.com\/en\/cookies-policy\/\",\"url\":\"https:\/\/andaluciaaerospace.com\/en\/cookies-policy\/\",\"name\":\"Cookies policy - Andaluc\u00eda Aerospace\",\"isPartOf\":{\"@id\":\"https:\/\/andaluciaaerospace.com\/en\/#website\"},\"primaryImageOfPage\":{\"@id\":\"https:\/\/andaluciaaerospace.com\/en\/cookies-policy\/#primaryimage\"},\"image\":{\"@id\":\"https:\/\/andaluciaaerospace.com\/en\/cookies-policy\/#primaryimage\"},\"thumbnailUrl\":\"http:\/\/andaluciaaerospace.com\/wp-content\/uploads\/2021\/04\/cabecera-contacto.jpg\",\"datePublished\":\"2021-06-25T09:31:55+00:00\",\"dateModified\":\"2021-07-09T07:03:49+00:00\",\"description\":\"Cookies policy .Andaluc\u00eda Aerospace, cl\u00faster empresarial aeroespacial andaluz.\",\"breadcrumb\":{\"@id\":\"https:\/\/andaluciaaerospace.com\/en\/cookies-policy\/#breadcrumb\"},\"inLanguage\":\"en-US\",\"potentialAction\":[{\"@type\":\"ReadAction\",\"target\":[\"https:\/\/andaluciaaerospace.com\/en\/cookies-policy\/\"]}]},{\"@type\":\"ImageObject\",\"inLanguage\":\"en-US\",\"@id\":\"https:\/\/andaluciaaerospace.com\/en\/cookies-policy\/#primaryimage\",\"url\":\"http:\/\/andaluciaaerospace.com\/wp-content\/uploads\/2021\/04\/cabecera-contacto.jpg\",\"contentUrl\":\"http:\/\/andaluciaaerospace.com\/wp-content\/uploads\/2021\/04\/cabecera-contacto.jpg\"},{\"@type\":\"BreadcrumbList\",\"@id\":\"https:\/\/andaluciaaerospace.com\/en\/cookies-policy\/#breadcrumb\",\"itemListElement\":[{\"@type\":\"ListItem\",\"position\":1,\"name\":\"Portada\",\"item\":\"https:\/\/andaluciaaerospace.com\/en\/\"},{\"@type\":\"ListItem\",\"position\":2,\"name\":\"Cookies policy\"}]},{\"@type\":\"WebSite\",\"@id\":\"https:\/\/andaluciaaerospace.com\/en\/#website\",\"url\":\"https:\/\/andaluciaaerospace.com\/en\/\",\"name\":\"Andaluc\u00eda Aerospace\",\"description\":\"Cluster empresarial aeron\u00e1utico\",\"potentialAction\":[{\"@type\":\"SearchAction\",\"target\":{\"@type\":\"EntryPoint\",\"urlTemplate\":\"https:\/\/andaluciaaerospace.com\/en\/?s={search_term_string}\"},\"query-input\":{\"@type\":\"PropertyValueSpecification\",\"valueRequired\":true,\"valueName\":\"search_term_string\"}}],\"inLanguage\":\"en-US\"}]}<\/script>\n<!-- \/ Yoast SEO plugin. -->","yoast_head_json":{"title":"Cookies policy - Andaluc\u00eda Aerospace","description":"Cookies policy .Andaluc\u00eda Aerospace, cl\u00faster empresarial aeroespacial andaluz.","robots":{"index":"index","follow":"follow","max-snippet":"max-snippet:-1","max-image-preview":"max-image-preview:large","max-video-preview":"max-video-preview:-1"},"canonical":"https:\/\/andaluciaaerospace.com\/en\/cookies-policy\/","og_locale":"en_US","og_type":"article","og_title":"Cookies policy - Andaluc\u00eda Aerospace","og_description":"Cookies policy .Andaluc\u00eda Aerospace, cl\u00faster empresarial aeroespacial andaluz.","og_url":"https:\/\/andaluciaaerospace.com\/en\/cookies-policy\/","og_site_name":"Andaluc\u00eda Aerospace","article_modified_time":"2021-07-09T07:03:49+00:00","og_image":[{"url":"http:\/\/andaluciaaerospace.com\/wp-content\/uploads\/2021\/04\/cabecera-contacto.jpg"}],"twitter_card":"summary_large_image","twitter_misc":{"Est. reading time":"3 minutes"},"schema":{"@context":"https:\/\/schema.org","@graph":[{"@type":["WebPage","SearchResultsPage"],"@id":"https:\/\/andaluciaaerospace.com\/en\/cookies-policy\/","url":"https:\/\/andaluciaaerospace.com\/en\/cookies-policy\/","name":"Cookies policy - Andaluc\u00eda Aerospace","isPartOf":{"@id":"https:\/\/andaluciaaerospace.com\/en\/#website"},"primaryImageOfPage":{"@id":"https:\/\/andaluciaaerospace.com\/en\/cookies-policy\/#primaryimage"},"image":{"@id":"https:\/\/andaluciaaerospace.com\/en\/cookies-policy\/#primaryimage"},"thumbnailUrl":"http:\/\/andaluciaaerospace.com\/wp-content\/uploads\/2021\/04\/cabecera-contacto.jpg","datePublished":"2021-06-25T09:31:55+00:00","dateModified":"2021-07-09T07:03:49+00:00","description":"Cookies policy .Andaluc\u00eda Aerospace, cl\u00faster empresarial aeroespacial andaluz.","breadcrumb":{"@id":"https:\/\/andaluciaaerospace.com\/en\/cookies-policy\/#breadcrumb"},"inLanguage":"en-US","potentialAction":[{"@type":"ReadAction","target":["https:\/\/andaluciaaerospace.com\/en\/cookies-policy\/"]}]},{"@type":"ImageObject","inLanguage":"en-US","@id":"https:\/\/andaluciaaerospace.com\/en\/cookies-policy\/#primaryimage","url":"http:\/\/andaluciaaerospace.com\/wp-content\/uploads\/2021\/04\/cabecera-contacto.jpg","contentUrl":"http:\/\/andaluciaaerospace.com\/wp-content\/uploads\/2021\/04\/cabecera-contacto.jpg"},{"@type":"BreadcrumbList","@id":"https:\/\/andaluciaaerospace.com\/en\/cookies-policy\/#breadcrumb","itemListElement":[{"@type":"ListItem","position":1,"name":"Portada","item":"https:\/\/andaluciaaerospace.com\/en\/"},{"@type":"ListItem","position":2,"name":"Cookies policy"}]},{"@type":"WebSite","@id":"https:\/\/andaluciaaerospace.com\/en\/#website","url":"https:\/\/andaluciaaerospace.com\/en\/","name":"Andaluc\u00eda Aerospace","description":"Cluster empresarial aeron\u00e1utico","potentialAction":[{"@type":"SearchAction","target":{"@type":"EntryPoint","urlTemplate":"https:\/\/andaluciaaerospace.com\/en\/?s={search_term_string}"},"query-input":{"@type":"PropertyValueSpecification","valueRequired":true,"valueName":"search_term_string"}}],"inLanguage":"en-US"}]}},"_links":{"self":[{"href":"https:\/\/andaluciaaerospace.com\/en\/wp-json\/wp\/v2\/pages\/24305","targetHints":{"allow":["GET"]}}],"collection":[{"href":"https:\/\/andaluciaaerospace.com\/en\/wp-json\/wp\/v2\/pages"}],"about":[{"href":"https:\/\/andaluciaaerospace.com\/en\/wp-json\/wp\/v2\/types\/page"}],"author":[{"embeddable":true,"href":"https:\/\/andaluciaaerospace.com\/en\/wp-json\/wp\/v2\/users\/1"}],"replies":[{"embeddable":true,"href":"https:\/\/andaluciaaerospace.com\/en\/wp-json\/wp\/v2\/comments?post=24305"}],"version-history":[{"count":5,"href":"https:\/\/andaluciaaerospace.com\/en\/wp-json\/wp\/v2\/pages\/24305\/revisions"}],"predecessor-version":[{"id":24418,"href":"https:\/\/andaluciaaerospace.com\/en\/wp-json\/wp\/v2\/pages\/24305\/revisions\/24418"}],"wp:attachment":[{"href":"https:\/\/andaluciaaerospace.com\/en\/wp-json\/wp\/v2\/media?parent=24305"}],"curies":[{"name":"wp","href":"https:\/\/api.w.org\/{rel}","templated":true}]}}