{"id":24303,"date":"2021-06-25T11:21:36","date_gmt":"2021-06-25T09:21:36","guid":{"rendered":"https:\/\/andaluciaaerospace.com\/aviso-legal\/"},"modified":"2021-07-08T12:38:13","modified_gmt":"2021-07-08T10:38:13","slug":"legal-advice","status":"publish","type":"page","link":"https:\/\/andaluciaaerospace.com\/en\/legal-advice\/","title":{"rendered":"Legal advice"},"content":{"rendered":"<div class=\"cabecera-con-degradado\"><span class=\"degradado-cabecera\"><\/span><br \/>\n<img decoding=\"async\" class=\"wp-post-image\" src=\"http:\/\/andaluciaaerospace.com\/wp-content\/uploads\/2021\/04\/cabecera-contacto.jpg\" alt=\"Avi\u00f3n volando en puesta de sol\" \/>\n<\/div>\n<div class=\"asociado container-fluid pt-5 mb-5\">\n<div class=\"row\">\n<div class=\"col-xs-12 col-md-1\"><\/div>\n<div class=\"col-xs-12 col-md-10\">\n<h1 class=\"pb-2 mb-4\">Legal advice<\/h1>\n<div class=\"px-5\">\n<h5 class=\"texto-semidestacado\">General conditions<\/h5>\n<p class=\"texto\">This legal notice contains the conditions governing the use and access to the website andaluciaaerospace.com (hereinafter website or web) and the responsibilities derived from its use, in compliance with Law 34\/2002, of July 11th, on Information Society and Electronic Commerce Services (hereinafter, LSSI). It will be understood that the access or mere use of the website by the user implies the adhesion of the same to all the conditions the ASSOCIATION OF COMPANIES OF THE AEROSPACE SECTOR OF ANDALUC\u00cdA H\u00c9LICE (ANDALUCIA AEROSPACE) has published at that moment on the website. Users are informed that ANDALUCIA AEROSPACE respects the current legislation on the protection of personal data, the privacy of users and the secrecy and security of their personal data, adopting the necessary technical and organizational measures to avoid loss, misuse, alteration, unauthorized access and theft of the personal data provided.<\/p>\n<h5 class=\"texto-semidestacado\">Holder<\/h5>\n<p class=\"texto\">The owner of this website is the ASSOCIATION OF COMPANIES OF THE AEROSPACE SECTOR OF ANDALUC\u00cdA H\u00c9LICE (ANDALUCIA AEROSPACE), with registered office at St. Ingeniero Rafael Rubio Elola, 1, Business Center of the Aerospace Technology Park of Andalusia, 41309 La Rinconada (Seville), with Tax ID number G90359217 and telephone number + 34 955097237. ANDALUC\u00cdA AEROSPACE was incorporated in Seville in July 2017 by public deed granted by the notary Mar\u00eda del Carmen Vela Fern\u00e1ndez. The statutes of ANDALUC\u00cdA AEROSPACE were approved by the Government Delegation in Seville \u2013 Provincial General Secretariat of the Ministry of Justice and the Interior in Seville on May 23, 2018, and registered in the Register of Associations of Andalusia under number 18543 of the Section 1.<\/p>\n<h5 class=\"texto-semidestacado\">Objective<\/h5>\n<p class=\"texto\">The objective of this site is to inform about the activity and services that ANDALUC\u00cdA AEROSPACE develops and offers in the field of providing services to companies in the aerospace sector of Andalusia.<\/p>\n<h5 class=\"texto-semidestacado\">Intellectual and Industrial Property Rights<\/h5>\n<p class=\"texto\">All Website\u2019s content: description and characteristics, text, images, trademarks, logos, buttons, software files, as well as the structure, selection, planning and presentation ofits contents is protected by Spanish and international laws on Intellectual and Industrial property.In no case does access by third parties to the website imply any type of waiver, transfer or total or partial cession of the rights granted by Spanish and international legislation on Intellectual and Industrial property. It is totally forbidden to reproduce (except the temporary download from the Website to the hard disk of the user\u2019s computer or to the proxy servers), the copy, use, distribution, reuse, exploitation, making second copies, sending by mail, transmission, modification, assignment or any other act that is made with all or part of the information contained in this website that has not been expressly authorized by the owner. The user undertakes to use the contents in a diligent, correct and lawful manner and, in particular, undertakes to refrain from suppressing, evading or manipulating the \u201ccopyright\u201d and other data identifying the rights of ANDALUC\u00cdA AEROSPACE or its owners included in the contents, as well as the technical protection devices or any information mechanisms that may be included in the contents. andaluciaaerospace.com is a domain registered by ANDALUC\u00cdA AEROSPACE. The domain cannot be used without prior express authorization in connection to other services that are not of the association in any way that might cause confusion among our partners or discredit the ANDALUC\u00cdA AEROSPACE.<\/p>\n<h5 class=\"texto-semidestacado\">Access<\/h5>\n<p class=\"texto\">Users can access the site freely and free of charge. By accessing this website it is accepted that ANDALUC\u00cdA AEROSPACE will not be responsible for any consequence, damage or harm arising from the access or use of the information on the website, or access to other materials on Internet through connections with this Web.<\/p>\n<h5 class=\"texto-semidestacado\">Responsibility and Duties<\/h5>\n<p class=\"texto\"><strong>Responsibility for content<\/strong><\/p>\n<p class=\"texto\">The content of this website is general, with an exclusively informative purpose of our services and associative activity. ANDALUC\u00cdA AEROSPACE is exempt from any responsibility regarding any decision adopted by the user of the website. ANDALUC\u00cdA AEROSPACE rejects the responsibility on any information not elaborated by us or not published in a way authorized by him under his name, as well as the responsibility that derives from the bad use of the contents. Likewise, in relation to the contents, ANDALUC\u00cdA AEROSPACE reserves the right to update, eliminate, limit or prevent access to them, temporarily or permanently.<\/p>\n<p class=\"texto\"><strong>Liability regarding links to other websites<\/strong><\/p>\n<p class=\"texto\">The links entered on andaluciaaerospace.com are purely informative and, therefore, ANDALUC\u00cdA AEROSPACE does not control or verify any information, content, products or services provided through these websites. Consequently, ANDALUC\u00cdA AEROSPACE declines any type of responsibility for any aspect, especially the content, related to the link pages. These links to other pages, as well as to the products or services offered by them, do not imply endorsement, sponsorship or recommendation by ANDALUC\u00cdA AEROSPACE.<\/p>\n<p class=\"texto\"><strong>Liability in case that this page be the destination of the link entered in another page<\/strong><\/p>\n<p class=\"texto\">Regarding the links established by other pages destined to the ANDALUC\u00cdA AEROSPACE website, you must abide by the following stipulations:<\/p>\n<ul>\n<li>You must request authorization prior to the completion of the link and must expressly state its grantingt.<\/li>\n<li>The link must be absolute and complete, that is, it must take the user to the ANDALUC\u00cdA AEROSPACE website itself and must fully cover the full length of the initial page screen. In any case, unless expressly authorized in writing by ANDALUC\u00cdA AEROSPACE, the page that makes the link may reproduce in any way the website ANDALUC\u00cdA AEROSPACE, include it as part of its website or within one of its \u201cframes\u201d or create a \u201d browser \u201con any of the web pages.<\/li>\n<li>There will be no type of erroneous or incorrect indication about the ANDALUC\u00cdA AEROSPACE page.<\/li>\n<li>If you want to register any ANDALUC\u00cdA AEROSPACE distinctive sign, such as trademarks, logos and denomination, you must have written authorization.<\/li>\n<li>The Owner of the page that offers the link must act in good faith and will not pretend to negatively affect the reputation or good name of ANDALUC\u00cdA AEROSPACE.<\/li>\n<\/ul>\n<p class=\"texto\">It is prohibited, unless expressly authorized by ANDALUC\u00cdA AEROSPACE, to register the text elements of the brand or logo, the domain name or the social name ANDALUC\u00cdA AEROSPACE, as a keyword (\u201cmetatags\u201d or \u201cmetanames\u201d) for the search of websites made through web searchers. ANDALUC\u00cdA AEROSPACE does not assume any type of responsibility for any aspect related to the website that offers the link.<\/p>\n<p class=\"texto\"><strong>Responsibility technical aspects<\/strong><\/p>\n<p class=\"texto\">ANDALUC\u00cdA AEROSPACE will do everything as possible to provide a stable and lasting service, but in no case guarantees the continuity of operation and availability of the website for reasons beyond its responsibility. ANDALUC\u00cdA AEROSPACE is not responsible for direct or indirect damages, including damage to computer systems and the introduction of existing viruses in the network, derived from Internet browsing necessary for the use of this website. For this reason, in no case will be compensated for possible problems due to the malfunction of the system.<\/p>\n<p class=\"texto\"><strong>Obligations of users<\/strong><\/p>\n<p class=\"texto\">The user will respond for the damages that ANDALUC\u00cdA AEROSPACE may suffer as a result of the breach, for its part, of any of the obligations determined in this legal notice. The user will respond, in any case, of the truthfulness of the data provided, and ANDALUC\u00cdA AEROSPACE reserves the right to exclude any user who has provided false information from the registered services, without prejudice to any other actions that may be required by law. The user cannot use this service to transmit any kind of illegal, threatening, defamatory or any other material considered offensive material. In the same way, you cannot make incorrect use of ANDALUC\u00cdA AEROSPACE contents, use them for purposes other than those foreseen, reproducing, modifying or transforming them. Any information obtained on the ANDALUC\u00cdA AEROSPACE website and displayed on an external page, must be shown indicating the source, that is, the name of the site and the link or page from where the information was obtained. With respect to navigation, the user undertakes to diligently and faithfully observe the recommendations from ANDALUC\u00cdA AEROSPACE in relation to the use of the site. For these purposes ANDALUC\u00cdA AEROSPACE will address users through any channels of communication through the website<\/p>\n<h5 class=\"texto-semidestacado\">Term and Amendment<\/h5>\n<p class=\"texto\">ANDALUC\u00cdA AEROSPACE will have the right to unilaterally modify the terms and conditions stipulated herein, in whole or in part. Any change will appear, and will be made known to the users, in the same way they are in this legal notice. The temporary validity of this legal notice coincides, therefore, with the time of its presentation, until such time as they are modified in whole or in part by ANDALUC\u00cdA AEROSPACE. ANDALUC\u00cdA AEROSPACE may finish, suspend or interrupt the operation of this website unilaterally, without the possibility of requesting any compensation from the user. ANDALUC\u00cdA AEROSPACE will have no obligation to maintain any content or forward any unread or unsent message to the user or to a third party.<\/p>\n<h5 class=\"texto-semidestacado\">Legislation and Jurisdiction<\/h5>\n<p class=\"texto\">These conditions of use are under Spanish legislation. The conditions that appear on this website are in any case submitted to the Spanish Laws and Courts. In case of disputes between the user and ANDALUC\u00cdA AEROSPACE, the parties expressly agree, regarding the provision of the service, expressly waiving any other jurisdiction, its submission to the Courts and Tribunals of Seville (Autonomous Community of Andalusia).<\/p>\n<h5 class=\"texto-semidestacado\">Use of cookies on this site<\/h5>\n<p class=\"texto\">This site uses its own and third-party cookies to offer you a better service. By using this website you consent to the use of cookies.<\/p>\n<p class=\"texto\">For more information, visit our Cookies Policy in <a href=\"https:\/\/andaluciaaerospace.com\/en\/cookies-policy\/\">this link<\/a>.<\/p>\n<\/div>\n<\/div>\n<div class=\"col-xs-12 col-md-1\"><\/div>\n<\/div>\n<\/div>\n","protected":false},"excerpt":{"rendered":"<p>Legal advice General conditions This legal notice contains the conditions governing the use and access to the website andaluciaaerospace.com (hereinafter website or web) and the responsibilities derived from its use, in compliance with Law 34\/2002, of July 11th, on Information Society and Electronic Commerce Services (hereinafter, LSSI). It will be understood that the access or<\/p>\n<a class=\"btn btn-primary read-more-button\" href=\"https:\/\/andaluciaaerospace.com\/en\/legal-advice\/\">Leer m\u00e1s...<\/a>","protected":false},"author":1,"featured_media":0,"parent":0,"menu_order":0,"comment_status":"closed","ping_status":"closed","template":"pages-templates\/empty-page.php","meta":{"_acf_changed":false,"_bbp_topic_count":0,"_bbp_reply_count":0,"_bbp_total_topic_count":0,"_bbp_total_reply_count":0,"_bbp_voice_count":0,"_bbp_anonymous_reply_count":0,"_bbp_topic_count_hidden":0,"_bbp_reply_count_hidden":0,"_bbp_forum_subforum_count":0,"footnotes":""},"class_list":["post-24303","page","type-page","status-publish","hentry"],"acf":[],"yoast_head":"<!-- This site is optimized with the Yoast SEO plugin v23.6 - https:\/\/yoast.com\/wordpress\/plugins\/seo\/ -->\n<title>Legal advice - Andaluc\u00eda Aerospace<\/title>\n<meta name=\"description\" content=\"Legal advice .Andaluc\u00eda Aerospace, cl\u00faster empresarial aeroespacial andaluz.\" \/>\n<meta name=\"robots\" content=\"index, follow, max-snippet:-1, max-image-preview:large, max-video-preview:-1\" \/>\n<link rel=\"canonical\" href=\"https:\/\/andaluciaaerospace.com\/en\/legal-advice\/\" \/>\n<meta property=\"og:locale\" content=\"en_US\" \/>\n<meta property=\"og:type\" content=\"article\" \/>\n<meta property=\"og:title\" content=\"Legal advice - Andaluc\u00eda Aerospace\" \/>\n<meta property=\"og:description\" content=\"Legal advice .Andaluc\u00eda Aerospace, cl\u00faster empresarial aeroespacial andaluz.\" \/>\n<meta property=\"og:url\" content=\"https:\/\/andaluciaaerospace.com\/en\/legal-advice\/\" \/>\n<meta property=\"og:site_name\" content=\"Andaluc\u00eda Aerospace\" \/>\n<meta property=\"article:modified_time\" content=\"2021-07-08T10:38:13+00:00\" \/>\n<meta property=\"og:image\" content=\"http:\/\/andaluciaaerospace.com\/wp-content\/uploads\/2021\/04\/cabecera-contacto.jpg\" \/>\n<meta name=\"twitter:card\" content=\"summary_large_image\" \/>\n<meta name=\"twitter:label1\" content=\"Est. reading time\" \/>\n\t<meta name=\"twitter:data1\" content=\"8 minutes\" \/>\n<script type=\"application\/ld+json\" class=\"yoast-schema-graph\">{\"@context\":\"https:\/\/schema.org\",\"@graph\":[{\"@type\":[\"WebPage\",\"SearchResultsPage\"],\"@id\":\"https:\/\/andaluciaaerospace.com\/en\/legal-advice\/\",\"url\":\"https:\/\/andaluciaaerospace.com\/en\/legal-advice\/\",\"name\":\"Legal advice - Andaluc\u00eda Aerospace\",\"isPartOf\":{\"@id\":\"https:\/\/andaluciaaerospace.com\/en\/#website\"},\"primaryImageOfPage\":{\"@id\":\"https:\/\/andaluciaaerospace.com\/en\/legal-advice\/#primaryimage\"},\"image\":{\"@id\":\"https:\/\/andaluciaaerospace.com\/en\/legal-advice\/#primaryimage\"},\"thumbnailUrl\":\"http:\/\/andaluciaaerospace.com\/wp-content\/uploads\/2021\/04\/cabecera-contacto.jpg\",\"datePublished\":\"2021-06-25T09:21:36+00:00\",\"dateModified\":\"2021-07-08T10:38:13+00:00\",\"description\":\"Legal advice .Andaluc\u00eda Aerospace, cl\u00faster empresarial aeroespacial andaluz.\",\"breadcrumb\":{\"@id\":\"https:\/\/andaluciaaerospace.com\/en\/legal-advice\/#breadcrumb\"},\"inLanguage\":\"en-US\",\"potentialAction\":[{\"@type\":\"ReadAction\",\"target\":[\"https:\/\/andaluciaaerospace.com\/en\/legal-advice\/\"]}]},{\"@type\":\"ImageObject\",\"inLanguage\":\"en-US\",\"@id\":\"https:\/\/andaluciaaerospace.com\/en\/legal-advice\/#primaryimage\",\"url\":\"http:\/\/andaluciaaerospace.com\/wp-content\/uploads\/2021\/04\/cabecera-contacto.jpg\",\"contentUrl\":\"http:\/\/andaluciaaerospace.com\/wp-content\/uploads\/2021\/04\/cabecera-contacto.jpg\"},{\"@type\":\"BreadcrumbList\",\"@id\":\"https:\/\/andaluciaaerospace.com\/en\/legal-advice\/#breadcrumb\",\"itemListElement\":[{\"@type\":\"ListItem\",\"position\":1,\"name\":\"Portada\",\"item\":\"https:\/\/andaluciaaerospace.com\/en\/\"},{\"@type\":\"ListItem\",\"position\":2,\"name\":\"Legal advice\"}]},{\"@type\":\"WebSite\",\"@id\":\"https:\/\/andaluciaaerospace.com\/en\/#website\",\"url\":\"https:\/\/andaluciaaerospace.com\/en\/\",\"name\":\"Andaluc\u00eda Aerospace\",\"description\":\"Cluster empresarial aeron\u00e1utico\",\"potentialAction\":[{\"@type\":\"SearchAction\",\"target\":{\"@type\":\"EntryPoint\",\"urlTemplate\":\"https:\/\/andaluciaaerospace.com\/en\/?s={search_term_string}\"},\"query-input\":{\"@type\":\"PropertyValueSpecification\",\"valueRequired\":true,\"valueName\":\"search_term_string\"}}],\"inLanguage\":\"en-US\"}]}<\/script>\n<!-- \/ Yoast SEO plugin. -->","yoast_head_json":{"title":"Legal advice - Andaluc\u00eda Aerospace","description":"Legal advice .Andaluc\u00eda Aerospace, cl\u00faster empresarial aeroespacial andaluz.","robots":{"index":"index","follow":"follow","max-snippet":"max-snippet:-1","max-image-preview":"max-image-preview:large","max-video-preview":"max-video-preview:-1"},"canonical":"https:\/\/andaluciaaerospace.com\/en\/legal-advice\/","og_locale":"en_US","og_type":"article","og_title":"Legal advice - Andaluc\u00eda Aerospace","og_description":"Legal advice .Andaluc\u00eda Aerospace, cl\u00faster empresarial aeroespacial andaluz.","og_url":"https:\/\/andaluciaaerospace.com\/en\/legal-advice\/","og_site_name":"Andaluc\u00eda Aerospace","article_modified_time":"2021-07-08T10:38:13+00:00","og_image":[{"url":"http:\/\/andaluciaaerospace.com\/wp-content\/uploads\/2021\/04\/cabecera-contacto.jpg"}],"twitter_card":"summary_large_image","twitter_misc":{"Est. reading time":"8 minutes"},"schema":{"@context":"https:\/\/schema.org","@graph":[{"@type":["WebPage","SearchResultsPage"],"@id":"https:\/\/andaluciaaerospace.com\/en\/legal-advice\/","url":"https:\/\/andaluciaaerospace.com\/en\/legal-advice\/","name":"Legal advice - Andaluc\u00eda Aerospace","isPartOf":{"@id":"https:\/\/andaluciaaerospace.com\/en\/#website"},"primaryImageOfPage":{"@id":"https:\/\/andaluciaaerospace.com\/en\/legal-advice\/#primaryimage"},"image":{"@id":"https:\/\/andaluciaaerospace.com\/en\/legal-advice\/#primaryimage"},"thumbnailUrl":"http:\/\/andaluciaaerospace.com\/wp-content\/uploads\/2021\/04\/cabecera-contacto.jpg","datePublished":"2021-06-25T09:21:36+00:00","dateModified":"2021-07-08T10:38:13+00:00","description":"Legal advice .Andaluc\u00eda Aerospace, cl\u00faster empresarial aeroespacial andaluz.","breadcrumb":{"@id":"https:\/\/andaluciaaerospace.com\/en\/legal-advice\/#breadcrumb"},"inLanguage":"en-US","potentialAction":[{"@type":"ReadAction","target":["https:\/\/andaluciaaerospace.com\/en\/legal-advice\/"]}]},{"@type":"ImageObject","inLanguage":"en-US","@id":"https:\/\/andaluciaaerospace.com\/en\/legal-advice\/#primaryimage","url":"http:\/\/andaluciaaerospace.com\/wp-content\/uploads\/2021\/04\/cabecera-contacto.jpg","contentUrl":"http:\/\/andaluciaaerospace.com\/wp-content\/uploads\/2021\/04\/cabecera-contacto.jpg"},{"@type":"BreadcrumbList","@id":"https:\/\/andaluciaaerospace.com\/en\/legal-advice\/#breadcrumb","itemListElement":[{"@type":"ListItem","position":1,"name":"Portada","item":"https:\/\/andaluciaaerospace.com\/en\/"},{"@type":"ListItem","position":2,"name":"Legal advice"}]},{"@type":"WebSite","@id":"https:\/\/andaluciaaerospace.com\/en\/#website","url":"https:\/\/andaluciaaerospace.com\/en\/","name":"Andaluc\u00eda Aerospace","description":"Cluster empresarial aeron\u00e1utico","potentialAction":[{"@type":"SearchAction","target":{"@type":"EntryPoint","urlTemplate":"https:\/\/andaluciaaerospace.com\/en\/?s={search_term_string}"},"query-input":{"@type":"PropertyValueSpecification","valueRequired":true,"valueName":"search_term_string"}}],"inLanguage":"en-US"}]}},"_links":{"self":[{"href":"https:\/\/andaluciaaerospace.com\/en\/wp-json\/wp\/v2\/pages\/24303","targetHints":{"allow":["GET"]}}],"collection":[{"href":"https:\/\/andaluciaaerospace.com\/en\/wp-json\/wp\/v2\/pages"}],"about":[{"href":"https:\/\/andaluciaaerospace.com\/en\/wp-json\/wp\/v2\/types\/page"}],"author":[{"embeddable":true,"href":"https:\/\/andaluciaaerospace.com\/en\/wp-json\/wp\/v2\/users\/1"}],"replies":[{"embeddable":true,"href":"https:\/\/andaluciaaerospace.com\/en\/wp-json\/wp\/v2\/comments?post=24303"}],"version-history":[{"count":5,"href":"https:\/\/andaluciaaerospace.com\/en\/wp-json\/wp\/v2\/pages\/24303\/revisions"}],"predecessor-version":[{"id":24365,"href":"https:\/\/andaluciaaerospace.com\/en\/wp-json\/wp\/v2\/pages\/24303\/revisions\/24365"}],"wp:attachment":[{"href":"https:\/\/andaluciaaerospace.com\/en\/wp-json\/wp\/v2\/media?parent=24303"}],"curies":[{"name":"wp","href":"https:\/\/api.w.org\/{rel}","templated":true}]}}