{"id":24099,"date":"2021-05-20T11:18:34","date_gmt":"2021-05-20T09:18:34","guid":{"rendered":"https:\/\/andaluciaaerospace.com\/calendario-de-formacion\/"},"modified":"2021-06-25T10:20:41","modified_gmt":"2021-06-25T08:20:41","slug":"training-calendar","status":"publish","type":"page","link":"https:\/\/andaluciaaerospace.com\/en\/training-calendar\/","title":{"rendered":"Training calendar"},"content":{"rendered":"<div class=\"cabecera-con-degradado\">\n<img decoding=\"async\" class=\"wp-post-image\" src=\"http:\/\/andaluciaaerospace.com\/wp-content\/uploads\/2021\/05\/cabecera-eventos.jpg\" alt=\"Aerospace\" \/>\n<\/div>\n<div class=\"asociado container-fluid pt-5 mb-5\">\n<div class=\"row\">\n<div class=\"col-xs-12 col-md-1\"><\/div>\n<div class=\"col-xs-12 col-md-10\">\n<h1 class=\"pb-2 mb-0\">Training<\/h1>\n<div class=\"row px-5\">\n<div class=\"col-xs-12 col-xl-8 \">\n<div class=\"mec-wrap mec-skin-list-container  \" id=\"mec_skin_934\">\r\n\r\n    \r\n        <div class=\"mec-skin-list-events-container\" id=\"mec_skin_events_934\">\r\n        No event found!    <\/div>\r\n    \r\n    \r\n<\/div>\r\n<div class=\"mec-credit-url\">Powered by <a href=\"https:\/\/webnus.net\/modern-events-calendar\/\" rel=\"nofollow noopener sponsored\" target=\"_blank\">Modern Events Calendar<\/a><\/div>\n<\/div>\n<div class=\"col-xs-12 col-xl-4 pl-xl-5 mt-5\">\n<div id=\"mec_skin_916\" class=\"mec-wrap   \">\r\n\r\n    \r\n    <div class=\"mec-calendar mec-box-calendar mec-event-calendar-classic mec-event-container-classic\" id=\"mec_skin_events_916_full\">\r\n                <div class=\"mec-calendar-side mec-clear\">\r\n                        <div class=\"mec-skin-monthly-view-month-navigator-container\">\r\n                <div class=\"mec-month-navigator\" id=\"mec_month_navigator_916_202605\"><div class=\"mec-previous-month mec-load-month mec-previous-month\" data-mec-year=\"2026\" data-mec-month=\"04\"><a href=\"#\" class=\"mec-load-month-link\"><i class=\"mec-sl-angle-left\"><\/i> April<\/a><\/div><div class=\"mec-calendar-header\"><h2>May 2026<\/h2><\/div><div class=\"mec-next-month mec-load-month mec-next-month\" data-mec-year=\"2026\" data-mec-month=\"06\"><a href=\"#\" class=\"mec-load-month-link\">June <i class=\"mec-sl-angle-right\"><\/i><\/a><\/div><\/div>\r\n            <\/div>\r\n            \r\n            <div class=\"mec-calendar-table\" id=\"mec_skin_events_916\">\r\n                <div class=\"mec-month-container mec-month-container-selected\" id=\"mec_monthly_view_month_916_202605\" data-month-id=\"202605\"><dl class=\"mec-calendar-table-head\"><dt class=\"mec-calendar-day-head\">MO<\/dt><dt class=\"mec-calendar-day-head\">TU<\/dt><dt class=\"mec-calendar-day-head\">WE<\/dt><dt class=\"mec-calendar-day-head\">TH<\/dt><dt class=\"mec-calendar-day-head\">FR<\/dt><dt class=\"mec-calendar-day-head\">SA<\/dt><dt class=\"mec-calendar-day-head\">SU<\/dt><\/dl><dl class=\"mec-calendar-row\">\r\n    <dt class=\"mec-table-nullday\">27<\/dt><dt class=\"mec-table-nullday\">28<\/dt><dt class=\"mec-table-nullday\">29<\/dt><dt class=\"mec-table-nullday\">30<\/dt><dt class=\"mec-calendar-day \" data-mec-cell=\"20260501\" data-day=\"1\" data-month=\"202605\">1<\/dt><dt class=\"mec-calendar-day  mec-selected-day\" data-mec-cell=\"20260502\" data-day=\"2\" data-month=\"202605\">2<\/dt><dt class=\"mec-calendar-day \" data-mec-cell=\"20260503\" data-day=\"3\" data-month=\"202605\">3<\/dt><\/dl><div class=\"mec-clear\"><div  class=\"mec-calendar-events-sec\" data-mec-cell=\"20260501\"><h6 class=\"mec-table-side-title\">Events for <span class=\"mec-color mec-table-side-day\"> 1<\/span> May<\/h6><article class=\"mec-event-article\"><div class=\"mec-event-detail\">No Events<\/div><\/article><\/div><div id=\"mec-active-current\" class=\"mec-calendar-events-sec\" data-mec-cell=\"20260502\"><h6 class=\"mec-table-side-title\">Events for <span class=\"mec-color mec-table-side-day\"> 2<\/span> May<\/h6><article class=\"mec-event-article\"><div class=\"mec-event-detail\">No Events<\/div><\/article><\/div><div  class=\"mec-calendar-events-sec\" data-mec-cell=\"20260503\"><h6 class=\"mec-table-side-title\">Events for <span class=\"mec-color mec-table-side-day\"> 3<\/span> May<\/h6><article class=\"mec-event-article\"><div class=\"mec-event-detail\">No Events<\/div><\/article><\/div><\/div><dl class=\"mec-calendar-row\"><dt class=\"mec-calendar-day \" data-mec-cell=\"20260504\" data-day=\"4\" data-month=\"202605\">4<\/dt><dt class=\"mec-calendar-day \" data-mec-cell=\"20260505\" data-day=\"5\" data-month=\"202605\">5<\/dt><dt class=\"mec-calendar-day \" data-mec-cell=\"20260506\" data-day=\"6\" data-month=\"202605\">6<\/dt><dt class=\"mec-calendar-day \" data-mec-cell=\"20260507\" data-day=\"7\" data-month=\"202605\">7<\/dt><dt class=\"mec-calendar-day \" data-mec-cell=\"20260508\" data-day=\"8\" data-month=\"202605\">8<\/dt><dt class=\"mec-calendar-day \" data-mec-cell=\"20260509\" data-day=\"9\" data-month=\"202605\">9<\/dt><dt class=\"mec-calendar-day \" data-mec-cell=\"20260510\" data-day=\"10\" data-month=\"202605\">10<\/dt><\/dl><div class=\"mec-clear\"><div  class=\"mec-calendar-events-sec\" data-mec-cell=\"20260504\"><h6 class=\"mec-table-side-title\">Events for <span class=\"mec-color mec-table-side-day\"> 4<\/span> May<\/h6><article class=\"mec-event-article\"><div class=\"mec-event-detail\">No Events<\/div><\/article><\/div><div  class=\"mec-calendar-events-sec\" data-mec-cell=\"20260505\"><h6 class=\"mec-table-side-title\">Events for <span class=\"mec-color mec-table-side-day\"> 5<\/span> May<\/h6><article class=\"mec-event-article\"><div class=\"mec-event-detail\">No Events<\/div><\/article><\/div><div  class=\"mec-calendar-events-sec\" data-mec-cell=\"20260506\"><h6 class=\"mec-table-side-title\">Events for <span class=\"mec-color mec-table-side-day\"> 6<\/span> May<\/h6><article class=\"mec-event-article\"><div class=\"mec-event-detail\">No Events<\/div><\/article><\/div><div  class=\"mec-calendar-events-sec\" data-mec-cell=\"20260507\"><h6 class=\"mec-table-side-title\">Events for <span class=\"mec-color mec-table-side-day\"> 7<\/span> May<\/h6><article class=\"mec-event-article\"><div class=\"mec-event-detail\">No Events<\/div><\/article><\/div><div  class=\"mec-calendar-events-sec\" data-mec-cell=\"20260508\"><h6 class=\"mec-table-side-title\">Events for <span class=\"mec-color mec-table-side-day\"> 8<\/span> May<\/h6><article class=\"mec-event-article\"><div class=\"mec-event-detail\">No Events<\/div><\/article><\/div><div  class=\"mec-calendar-events-sec\" data-mec-cell=\"20260509\"><h6 class=\"mec-table-side-title\">Events for <span class=\"mec-color mec-table-side-day\"> 9<\/span> May<\/h6><article class=\"mec-event-article\"><div class=\"mec-event-detail\">No Events<\/div><\/article><\/div><div  class=\"mec-calendar-events-sec\" data-mec-cell=\"20260510\"><h6 class=\"mec-table-side-title\">Events for <span class=\"mec-color mec-table-side-day\"> 10<\/span> May<\/h6><article class=\"mec-event-article\"><div class=\"mec-event-detail\">No Events<\/div><\/article><\/div><\/div><dl class=\"mec-calendar-row\"><dt class=\"mec-calendar-day \" data-mec-cell=\"20260511\" data-day=\"11\" data-month=\"202605\">11<\/dt><dt class=\"mec-calendar-day \" data-mec-cell=\"20260512\" data-day=\"12\" data-month=\"202605\">12<\/dt><dt class=\"mec-calendar-day \" data-mec-cell=\"20260513\" data-day=\"13\" data-month=\"202605\">13<\/dt><dt class=\"mec-calendar-day \" data-mec-cell=\"20260514\" data-day=\"14\" data-month=\"202605\">14<\/dt><dt class=\"mec-calendar-day \" data-mec-cell=\"20260515\" data-day=\"15\" data-month=\"202605\">15<\/dt><dt class=\"mec-calendar-day \" data-mec-cell=\"20260516\" data-day=\"16\" data-month=\"202605\">16<\/dt><dt class=\"mec-calendar-day \" data-mec-cell=\"20260517\" data-day=\"17\" data-month=\"202605\">17<\/dt><\/dl><div class=\"mec-clear\"><div  class=\"mec-calendar-events-sec\" data-mec-cell=\"20260511\"><h6 class=\"mec-table-side-title\">Events for <span class=\"mec-color mec-table-side-day\"> 11<\/span> May<\/h6><article class=\"mec-event-article\"><div class=\"mec-event-detail\">No Events<\/div><\/article><\/div><div  class=\"mec-calendar-events-sec\" data-mec-cell=\"20260512\"><h6 class=\"mec-table-side-title\">Events for <span class=\"mec-color mec-table-side-day\"> 12<\/span> May<\/h6><article class=\"mec-event-article\"><div class=\"mec-event-detail\">No Events<\/div><\/article><\/div><div  class=\"mec-calendar-events-sec\" data-mec-cell=\"20260513\"><h6 class=\"mec-table-side-title\">Events for <span class=\"mec-color mec-table-side-day\"> 13<\/span> May<\/h6><article class=\"mec-event-article\"><div class=\"mec-event-detail\">No Events<\/div><\/article><\/div><div  class=\"mec-calendar-events-sec\" data-mec-cell=\"20260514\"><h6 class=\"mec-table-side-title\">Events for <span class=\"mec-color mec-table-side-day\"> 14<\/span> May<\/h6><article class=\"mec-event-article\"><div class=\"mec-event-detail\">No Events<\/div><\/article><\/div><div  class=\"mec-calendar-events-sec\" data-mec-cell=\"20260515\"><h6 class=\"mec-table-side-title\">Events for <span class=\"mec-color mec-table-side-day\"> 15<\/span> May<\/h6><article class=\"mec-event-article\"><div class=\"mec-event-detail\">No Events<\/div><\/article><\/div><div  class=\"mec-calendar-events-sec\" data-mec-cell=\"20260516\"><h6 class=\"mec-table-side-title\">Events for <span class=\"mec-color mec-table-side-day\"> 16<\/span> May<\/h6><article class=\"mec-event-article\"><div class=\"mec-event-detail\">No Events<\/div><\/article><\/div><div  class=\"mec-calendar-events-sec\" data-mec-cell=\"20260517\"><h6 class=\"mec-table-side-title\">Events for <span class=\"mec-color mec-table-side-day\"> 17<\/span> May<\/h6><article class=\"mec-event-article\"><div class=\"mec-event-detail\">No Events<\/div><\/article><\/div><\/div><dl class=\"mec-calendar-row\"><dt class=\"mec-calendar-day \" data-mec-cell=\"20260518\" data-day=\"18\" data-month=\"202605\">18<\/dt><dt class=\"mec-calendar-day \" data-mec-cell=\"20260519\" data-day=\"19\" data-month=\"202605\">19<\/dt><dt class=\"mec-calendar-day \" data-mec-cell=\"20260520\" data-day=\"20\" data-month=\"202605\">20<\/dt><dt class=\"mec-calendar-day \" data-mec-cell=\"20260521\" data-day=\"21\" data-month=\"202605\">21<\/dt><dt class=\"mec-calendar-day \" data-mec-cell=\"20260522\" data-day=\"22\" data-month=\"202605\">22<\/dt><dt class=\"mec-calendar-day \" data-mec-cell=\"20260523\" data-day=\"23\" data-month=\"202605\">23<\/dt><dt class=\"mec-calendar-day \" data-mec-cell=\"20260524\" data-day=\"24\" data-month=\"202605\">24<\/dt><\/dl><div class=\"mec-clear\"><div  class=\"mec-calendar-events-sec\" data-mec-cell=\"20260518\"><h6 class=\"mec-table-side-title\">Events for <span class=\"mec-color mec-table-side-day\"> 18<\/span> May<\/h6><article class=\"mec-event-article\"><div class=\"mec-event-detail\">No Events<\/div><\/article><\/div><div  class=\"mec-calendar-events-sec\" data-mec-cell=\"20260519\"><h6 class=\"mec-table-side-title\">Events for <span class=\"mec-color mec-table-side-day\"> 19<\/span> May<\/h6><article class=\"mec-event-article\"><div class=\"mec-event-detail\">No Events<\/div><\/article><\/div><div  class=\"mec-calendar-events-sec\" data-mec-cell=\"20260520\"><h6 class=\"mec-table-side-title\">Events for <span class=\"mec-color mec-table-side-day\"> 20<\/span> May<\/h6><article class=\"mec-event-article\"><div class=\"mec-event-detail\">No Events<\/div><\/article><\/div><div  class=\"mec-calendar-events-sec\" data-mec-cell=\"20260521\"><h6 class=\"mec-table-side-title\">Events for <span class=\"mec-color mec-table-side-day\"> 21<\/span> May<\/h6><article class=\"mec-event-article\"><div class=\"mec-event-detail\">No Events<\/div><\/article><\/div><div  class=\"mec-calendar-events-sec\" data-mec-cell=\"20260522\"><h6 class=\"mec-table-side-title\">Events for <span class=\"mec-color mec-table-side-day\"> 22<\/span> May<\/h6><article class=\"mec-event-article\"><div class=\"mec-event-detail\">No Events<\/div><\/article><\/div><div  class=\"mec-calendar-events-sec\" data-mec-cell=\"20260523\"><h6 class=\"mec-table-side-title\">Events for <span class=\"mec-color mec-table-side-day\"> 23<\/span> May<\/h6><article class=\"mec-event-article\"><div class=\"mec-event-detail\">No Events<\/div><\/article><\/div><div  class=\"mec-calendar-events-sec\" data-mec-cell=\"20260524\"><h6 class=\"mec-table-side-title\">Events for <span class=\"mec-color mec-table-side-day\"> 24<\/span> May<\/h6><article class=\"mec-event-article\"><div class=\"mec-event-detail\">No Events<\/div><\/article><\/div><\/div><dl class=\"mec-calendar-row\"><dt class=\"mec-calendar-day \" data-mec-cell=\"20260525\" data-day=\"25\" data-month=\"202605\">25<\/dt><dt class=\"mec-calendar-day \" data-mec-cell=\"20260526\" data-day=\"26\" data-month=\"202605\">26<\/dt><dt class=\"mec-calendar-day \" data-mec-cell=\"20260527\" data-day=\"27\" data-month=\"202605\">27<\/dt><dt class=\"mec-calendar-day \" data-mec-cell=\"20260528\" data-day=\"28\" data-month=\"202605\">28<\/dt><dt class=\"mec-calendar-day \" data-mec-cell=\"20260529\" data-day=\"29\" data-month=\"202605\">29<\/dt><dt class=\"mec-calendar-day \" data-mec-cell=\"20260530\" data-day=\"30\" data-month=\"202605\">30<\/dt><dt class=\"mec-calendar-day \" data-mec-cell=\"20260531\" data-day=\"31\" data-month=\"202605\">31<\/dt><\/dl><div class=\"mec-clear\"><div  class=\"mec-calendar-events-sec\" data-mec-cell=\"20260525\"><h6 class=\"mec-table-side-title\">Events for <span class=\"mec-color mec-table-side-day\"> 25<\/span> May<\/h6><article class=\"mec-event-article\"><div class=\"mec-event-detail\">No Events<\/div><\/article><\/div><div  class=\"mec-calendar-events-sec\" data-mec-cell=\"20260526\"><h6 class=\"mec-table-side-title\">Events for <span class=\"mec-color mec-table-side-day\"> 26<\/span> May<\/h6><article class=\"mec-event-article\"><div class=\"mec-event-detail\">No Events<\/div><\/article><\/div><div  class=\"mec-calendar-events-sec\" data-mec-cell=\"20260527\"><h6 class=\"mec-table-side-title\">Events for <span class=\"mec-color mec-table-side-day\"> 27<\/span> May<\/h6><article class=\"mec-event-article\"><div class=\"mec-event-detail\">No Events<\/div><\/article><\/div><div  class=\"mec-calendar-events-sec\" data-mec-cell=\"20260528\"><h6 class=\"mec-table-side-title\">Events for <span class=\"mec-color mec-table-side-day\"> 28<\/span> May<\/h6><article class=\"mec-event-article\"><div class=\"mec-event-detail\">No Events<\/div><\/article><\/div><div  class=\"mec-calendar-events-sec\" data-mec-cell=\"20260529\"><h6 class=\"mec-table-side-title\">Events for <span class=\"mec-color mec-table-side-day\"> 29<\/span> May<\/h6><article class=\"mec-event-article\"><div class=\"mec-event-detail\">No Events<\/div><\/article><\/div><div  class=\"mec-calendar-events-sec\" data-mec-cell=\"20260530\"><h6 class=\"mec-table-side-title\">Events for <span class=\"mec-color mec-table-side-day\"> 30<\/span> May<\/h6><article class=\"mec-event-article\"><div class=\"mec-event-detail\">No Events<\/div><\/article><\/div><div  class=\"mec-calendar-events-sec\" data-mec-cell=\"20260531\"><h6 class=\"mec-table-side-title\">Events for <span class=\"mec-color mec-table-side-day\"> 31<\/span> May<\/h6><article class=\"mec-event-article\"><div class=\"mec-event-detail\">No Events<\/div><\/article><\/div><\/div><dl class=\"mec-calendar-row\"><\/dl>\r\n<div class=\"mec-clear\">\r\n    <\/div>\r\n<\/div>\r\n            <\/div>\r\n\r\n                    <\/div>\r\n            <\/div>\r\n\r\n        \r\n    <div class=\"mec-credit-url\">Powered by <a href=\"https:\/\/webnus.net\/modern-events-calendar\/\" rel=\"nofollow noopener sponsored\" target=\"_blank\">Modern Events Calendar<\/a><\/div>    <div class=\"mec-modal-result\"><\/div>\r\n\r\n<\/div>\n<\/div>\n<\/div>\n<\/div>\n<div class=\"col-xs-12 col-md-1\"><\/div>\n<\/div>\n<\/div>\n","protected":false},"excerpt":{"rendered":"<p>Training<\/p>\n<a class=\"btn btn-primary read-more-button\" href=\"https:\/\/andaluciaaerospace.com\/en\/training-calendar\/\">Leer m\u00e1s...<\/a>","protected":false},"author":1,"featured_media":0,"parent":0,"menu_order":0,"comment_status":"closed","ping_status":"closed","template":"pages-templates\/empty-page.php","meta":{"_acf_changed":false,"_bbp_topic_count":0,"_bbp_reply_count":0,"_bbp_total_topic_count":0,"_bbp_total_reply_count":0,"_bbp_voice_count":0,"_bbp_anonymous_reply_count":0,"_bbp_topic_count_hidden":0,"_bbp_reply_count_hidden":0,"_bbp_forum_subforum_count":0,"footnotes":""},"class_list":["post-24099","page","type-page","status-publish","hentry"],"acf":[],"yoast_head":"<!-- This site is optimized with the Yoast SEO plugin v23.6 - https:\/\/yoast.com\/wordpress\/plugins\/seo\/ -->\n<title>Training calendar - Andaluc\u00eda Aerospace<\/title>\n<meta name=\"description\" content=\"Training calendar .Andaluc\u00eda Aerospace, cl\u00faster empresarial aeroespacial andaluz.\" \/>\n<meta name=\"robots\" content=\"index, follow, max-snippet:-1, max-image-preview:large, max-video-preview:-1\" \/>\n<link rel=\"canonical\" href=\"https:\/\/andaluciaaerospace.com\/en\/training-calendar\/\" \/>\n<meta property=\"og:locale\" content=\"en_US\" \/>\n<meta property=\"og:type\" content=\"article\" \/>\n<meta property=\"og:title\" content=\"Training calendar - Andaluc\u00eda Aerospace\" \/>\n<meta property=\"og:description\" content=\"Training calendar .Andaluc\u00eda Aerospace, cl\u00faster empresarial aeroespacial andaluz.\" \/>\n<meta property=\"og:url\" content=\"https:\/\/andaluciaaerospace.com\/en\/training-calendar\/\" \/>\n<meta property=\"og:site_name\" content=\"Andaluc\u00eda Aerospace\" \/>\n<meta property=\"article:modified_time\" content=\"2021-06-25T08:20:41+00:00\" \/>\n<meta property=\"og:image\" content=\"http:\/\/andaluciaaerospace.com\/wp-content\/uploads\/2021\/05\/cabecera-eventos.jpg\" \/>\n<meta name=\"twitter:card\" content=\"summary_large_image\" \/>\n<script type=\"application\/ld+json\" class=\"yoast-schema-graph\">{\"@context\":\"https:\/\/schema.org\",\"@graph\":[{\"@type\":[\"WebPage\",\"SearchResultsPage\"],\"@id\":\"https:\/\/andaluciaaerospace.com\/en\/training-calendar\/\",\"url\":\"https:\/\/andaluciaaerospace.com\/en\/training-calendar\/\",\"name\":\"Training calendar - Andaluc\u00eda Aerospace\",\"isPartOf\":{\"@id\":\"https:\/\/andaluciaaerospace.com\/en\/#website\"},\"primaryImageOfPage\":{\"@id\":\"https:\/\/andaluciaaerospace.com\/en\/training-calendar\/#primaryimage\"},\"image\":{\"@id\":\"https:\/\/andaluciaaerospace.com\/en\/training-calendar\/#primaryimage\"},\"thumbnailUrl\":\"http:\/\/andaluciaaerospace.com\/wp-content\/uploads\/2021\/05\/cabecera-eventos.jpg\",\"datePublished\":\"2021-05-20T09:18:34+00:00\",\"dateModified\":\"2021-06-25T08:20:41+00:00\",\"description\":\"Training calendar .Andaluc\u00eda Aerospace, cl\u00faster empresarial aeroespacial andaluz.\",\"breadcrumb\":{\"@id\":\"https:\/\/andaluciaaerospace.com\/en\/training-calendar\/#breadcrumb\"},\"inLanguage\":\"en-US\",\"potentialAction\":[{\"@type\":\"ReadAction\",\"target\":[\"https:\/\/andaluciaaerospace.com\/en\/training-calendar\/\"]}]},{\"@type\":\"ImageObject\",\"inLanguage\":\"en-US\",\"@id\":\"https:\/\/andaluciaaerospace.com\/en\/training-calendar\/#primaryimage\",\"url\":\"http:\/\/andaluciaaerospace.com\/wp-content\/uploads\/2021\/05\/cabecera-eventos.jpg\",\"contentUrl\":\"http:\/\/andaluciaaerospace.com\/wp-content\/uploads\/2021\/05\/cabecera-eventos.jpg\"},{\"@type\":\"BreadcrumbList\",\"@id\":\"https:\/\/andaluciaaerospace.com\/en\/training-calendar\/#breadcrumb\",\"itemListElement\":[{\"@type\":\"ListItem\",\"position\":1,\"name\":\"Portada\",\"item\":\"https:\/\/andaluciaaerospace.com\/en\/\"},{\"@type\":\"ListItem\",\"position\":2,\"name\":\"Training calendar\"}]},{\"@type\":\"WebSite\",\"@id\":\"https:\/\/andaluciaaerospace.com\/en\/#website\",\"url\":\"https:\/\/andaluciaaerospace.com\/en\/\",\"name\":\"Andaluc\u00eda Aerospace\",\"description\":\"Cluster empresarial aeron\u00e1utico\",\"potentialAction\":[{\"@type\":\"SearchAction\",\"target\":{\"@type\":\"EntryPoint\",\"urlTemplate\":\"https:\/\/andaluciaaerospace.com\/en\/?s={search_term_string}\"},\"query-input\":{\"@type\":\"PropertyValueSpecification\",\"valueRequired\":true,\"valueName\":\"search_term_string\"}}],\"inLanguage\":\"en-US\"}]}<\/script>\n<!-- \/ Yoast SEO plugin. -->","yoast_head_json":{"title":"Training calendar - Andaluc\u00eda Aerospace","description":"Training calendar .Andaluc\u00eda Aerospace, cl\u00faster empresarial aeroespacial andaluz.","robots":{"index":"index","follow":"follow","max-snippet":"max-snippet:-1","max-image-preview":"max-image-preview:large","max-video-preview":"max-video-preview:-1"},"canonical":"https:\/\/andaluciaaerospace.com\/en\/training-calendar\/","og_locale":"en_US","og_type":"article","og_title":"Training calendar - Andaluc\u00eda Aerospace","og_description":"Training calendar .Andaluc\u00eda Aerospace, cl\u00faster empresarial aeroespacial andaluz.","og_url":"https:\/\/andaluciaaerospace.com\/en\/training-calendar\/","og_site_name":"Andaluc\u00eda Aerospace","article_modified_time":"2021-06-25T08:20:41+00:00","og_image":[{"url":"http:\/\/andaluciaaerospace.com\/wp-content\/uploads\/2021\/05\/cabecera-eventos.jpg"}],"twitter_card":"summary_large_image","schema":{"@context":"https:\/\/schema.org","@graph":[{"@type":["WebPage","SearchResultsPage"],"@id":"https:\/\/andaluciaaerospace.com\/en\/training-calendar\/","url":"https:\/\/andaluciaaerospace.com\/en\/training-calendar\/","name":"Training calendar - Andaluc\u00eda Aerospace","isPartOf":{"@id":"https:\/\/andaluciaaerospace.com\/en\/#website"},"primaryImageOfPage":{"@id":"https:\/\/andaluciaaerospace.com\/en\/training-calendar\/#primaryimage"},"image":{"@id":"https:\/\/andaluciaaerospace.com\/en\/training-calendar\/#primaryimage"},"thumbnailUrl":"http:\/\/andaluciaaerospace.com\/wp-content\/uploads\/2021\/05\/cabecera-eventos.jpg","datePublished":"2021-05-20T09:18:34+00:00","dateModified":"2021-06-25T08:20:41+00:00","description":"Training calendar .Andaluc\u00eda Aerospace, cl\u00faster empresarial aeroespacial andaluz.","breadcrumb":{"@id":"https:\/\/andaluciaaerospace.com\/en\/training-calendar\/#breadcrumb"},"inLanguage":"en-US","potentialAction":[{"@type":"ReadAction","target":["https:\/\/andaluciaaerospace.com\/en\/training-calendar\/"]}]},{"@type":"ImageObject","inLanguage":"en-US","@id":"https:\/\/andaluciaaerospace.com\/en\/training-calendar\/#primaryimage","url":"http:\/\/andaluciaaerospace.com\/wp-content\/uploads\/2021\/05\/cabecera-eventos.jpg","contentUrl":"http:\/\/andaluciaaerospace.com\/wp-content\/uploads\/2021\/05\/cabecera-eventos.jpg"},{"@type":"BreadcrumbList","@id":"https:\/\/andaluciaaerospace.com\/en\/training-calendar\/#breadcrumb","itemListElement":[{"@type":"ListItem","position":1,"name":"Portada","item":"https:\/\/andaluciaaerospace.com\/en\/"},{"@type":"ListItem","position":2,"name":"Training calendar"}]},{"@type":"WebSite","@id":"https:\/\/andaluciaaerospace.com\/en\/#website","url":"https:\/\/andaluciaaerospace.com\/en\/","name":"Andaluc\u00eda Aerospace","description":"Cluster empresarial aeron\u00e1utico","potentialAction":[{"@type":"SearchAction","target":{"@type":"EntryPoint","urlTemplate":"https:\/\/andaluciaaerospace.com\/en\/?s={search_term_string}"},"query-input":{"@type":"PropertyValueSpecification","valueRequired":true,"valueName":"search_term_string"}}],"inLanguage":"en-US"}]}},"_links":{"self":[{"href":"https:\/\/andaluciaaerospace.com\/en\/wp-json\/wp\/v2\/pages\/24099","targetHints":{"allow":["GET"]}}],"collection":[{"href":"https:\/\/andaluciaaerospace.com\/en\/wp-json\/wp\/v2\/pages"}],"about":[{"href":"https:\/\/andaluciaaerospace.com\/en\/wp-json\/wp\/v2\/types\/page"}],"author":[{"embeddable":true,"href":"https:\/\/andaluciaaerospace.com\/en\/wp-json\/wp\/v2\/users\/1"}],"replies":[{"embeddable":true,"href":"https:\/\/andaluciaaerospace.com\/en\/wp-json\/wp\/v2\/comments?post=24099"}],"version-history":[{"count":2,"href":"https:\/\/andaluciaaerospace.com\/en\/wp-json\/wp\/v2\/pages\/24099\/revisions"}],"predecessor-version":[{"id":24283,"href":"https:\/\/andaluciaaerospace.com\/en\/wp-json\/wp\/v2\/pages\/24099\/revisions\/24283"}],"wp:attachment":[{"href":"https:\/\/andaluciaaerospace.com\/en\/wp-json\/wp\/v2\/media?parent=24099"}],"curies":[{"name":"wp","href":"https:\/\/api.w.org\/{rel}","templated":true}]}}