{"id":24092,"date":"2021-03-05T12:08:29","date_gmt":"2021-03-05T11:08:29","guid":{"rendered":"https:\/\/andaluciaaerospace.com\/members\/socios-de-pleno-derecho\/"},"modified":"2021-06-23T13:17:48","modified_gmt":"2021-06-23T11:17:48","slug":"full-partners","status":"publish","type":"page","link":"https:\/\/andaluciaaerospace.com\/en\/members-of-the-cluster\/full-partners\/","title":{"rendered":"Full partners"},"content":{"rendered":"<div class=\"cabecera-con-degradado\"><span class=\"degradado-cabecera\"><\/span><img decoding=\"async\" class=\"wp-post-image\" src=\"http:\/\/andaluciaaerospace.com\/wp-content\/uploads\/2021\/03\/cabecera-asociado.jpg\" alt=\"Cielo con nubes\" \/>\n<\/div>\n<div class=\"asociado container-fluid pt-5\">\n<div class=\"row\">\n<div class=\"col-xs-12 col-lg-1\"><\/div>\n<div class=\"col-xs-12 col-lg-10\">\n<h1 class=\"pb-2 mb-md-4\">Full partners<\/h1>\n<div class=\"px-4 px-md-5\">\n<p class=texto\">Any aerospace company operating in Andalusia, eager to support the aims of this Association, may be eligible as a full partner. <\/p>\n<ul id=\"myTab\" class=\"nav nav-tabs mb-5\" role=\"tablist\">\n<li class=\"nav-item\"><a id=\"todos-tab\" class=\"nav-link active\" role=\"tab\" href=\"#todos\" data-toggle=\"tab\" aria-controls=\"todos\" aria-selected=\"true\">ALL<\/a><\/li>\n<li class=\"nav-item\"><a id=\"actividades-tab\" class=\"nav-link\" role=\"tab\" href=\"#actividades\" data-toggle=\"tab\" aria-controls=\"actividades\" aria-selected=\"false\">Filter by activity<\/a><\/li>\n<li class=\"nav-item\"><a id=\"programas-tab\" class=\"nav-link\" role=\"tab\" href=\"#programas\" data-toggle=\"tab\" aria-controls=\"programas\" aria-selected=\"false\">Filter by program<\/a><\/li>\n<\/ul>\n<div id=\"myTabContent\" class=\"tab-content\">\n<div id=\"todos\" class=\"tab-pane fade show active\" role=\"tabpanel\" aria-labelledby=\"todos-tab\">\n<div id=\"caf-post-layout-container\" class=\"caf-post-layout-container \r\n     filter-layout1 post-layout10 \r\n     data-target-div1\"\r\n     data-post-type=\"asociados\"\r\n     data-tax=\"categorias_personalizadas\"\r\n     data-terms=\"categorias_personalizadas___67,categorias_personalizadas___68,categorias_personalizadas___69,categorias_personalizadas___70,categorias_personalizadas___71,categorias_personalizadas___72,categorias_personalizadas___73,categorias_personalizadas___74,categorias_personalizadas___75,categorias_personalizadas___76,categorias_personalizadas___66,categorias_personalizadas___77,categorias_personalizadas___78,categorias_personalizadas___79,categorias_personalizadas___80,categorias_personalizadas___81,categorias_personalizadas___82,categorias_personalizadas___83,categorias_personalizadas___84,categorias_personalizadas___92,categorias_personalizadas___89,categorias_personalizadas___85,categorias_personalizadas___87,categorias_personalizadas___86,categorias_personalizadas___88,categorias_personalizadas___91,categorias_personalizadas___90,categorias_personalizadas___65\"\r\n     data-per-page=\"-1\"\r\n     data-selected-terms=\"categorias_personalizadas___67,categorias_personalizadas___68,categorias_personalizadas___69,categorias_personalizadas___70,categorias_personalizadas___71,categorias_personalizadas___72,categorias_personalizadas___73,categorias_personalizadas___74,categorias_personalizadas___75,categorias_personalizadas___76,categorias_personalizadas___66,categorias_personalizadas___77,categorias_personalizadas___78,categorias_personalizadas___79,categorias_personalizadas___80,categorias_personalizadas___81,categorias_personalizadas___82,categorias_personalizadas___83,categorias_personalizadas___84,categorias_personalizadas___92,categorias_personalizadas___89,categorias_personalizadas___85,categorias_personalizadas___87,categorias_personalizadas___86,categorias_personalizadas___88,categorias_personalizadas___91,categorias_personalizadas___90,categorias_personalizadas___65\"\r\n     data-filter-id=\"243\"\r\n     data-post-layout=\"post-layout10\"\r\n     data-filter-layout=\"filter-layout1\"\r\n     data-target-div=\"data-target-div1\"\r\n     data-relation=\"IN\"\r\n     data-default-term=\"all\"\r\n     data-scroll=\"desktop\"\r\n     data-scroll-desk=\"-100\"\r\n     data-scroll-mob=\"-100\"\r\n     current-post-id=\"24092\"\r\n     data-order-by=\"title\"\r\n     data-order-type=\"asc\"\r\n     active-filters=\"on\"\r\n     active-filters-style=\"without_tax\"\r\n     ><div class='caf-active-filters'><ul><\/ul><\/div><div class='caf-manage-sorting-front'>\r\n <div class='caf-manage-sorting-wrap first-wrap'>\r\n Order By :\r\n <select class=\"caf-sort-front caf-sort-order-by\">\r\n <option value=\"author\" >Author<\/option>\r\n <option value=\"title\" selected>Title<\/option>\r\n <option value=\"ID\" >Post ID<\/option>\r\n <option value=\"date\" >Date<\/option>\r\n <option value=\"rand\" >Random<\/option>\r\n <\/select><\/div>\r\n\r\n <div class='caf-manage-sorting-wrap'>\r\n Order  :\r\n <select class=\"caf-sort-front caf-sort-order-type\">\r\n <option value=\"asc\" selected>Asc<\/option>\r\n <option value=\"desc\" >Desc<\/option>\r\n <\/select><\/div>\r\n\r\n<\/div>\r\n\r\n<div id='manage-ajax-response' class='caf-row'><div class=\"status\"><i class=\"fa fa-spinner\" aria-hidden=\"true\"><\/i><\/div><div class=\"content\"><\/div><\/div><\/div>\n<\/div>\n<div id=\"actividades\" class=\"tab-pane fade\" role=\"tabpanel\" aria-labelledby=\"actividades-tab\">\n<div id=\"caf-post-layout-container\" class=\"caf-post-layout-container \r\n     filter-layout1 post-layout10 \r\n     data-target-div2\"\r\n     data-post-type=\"asociados\"\r\n     data-tax=\"categorias_personalizadas\"\r\n     data-terms=\"categorias_personalizadas___67,categorias_personalizadas___68,categorias_personalizadas___69,categorias_personalizadas___70,categorias_personalizadas___96,categorias_personalizadas___71,categorias_personalizadas___72,categorias_personalizadas___73,categorias_personalizadas___74,categorias_personalizadas___75,categorias_personalizadas___76\"\r\n     data-per-page=\"-1\"\r\n     data-selected-terms=\"categorias_personalizadas___67,categorias_personalizadas___68,categorias_personalizadas___69,categorias_personalizadas___70,categorias_personalizadas___96,categorias_personalizadas___71,categorias_personalizadas___72,categorias_personalizadas___73,categorias_personalizadas___74,categorias_personalizadas___75,categorias_personalizadas___76\"\r\n     data-filter-id=\"250\"\r\n     data-post-layout=\"post-layout10\"\r\n     data-filter-layout=\"filter-layout1\"\r\n     data-target-div=\"data-target-div2\"\r\n     data-relation=\"IN\"\r\n     data-default-term=\"all\"\r\n     data-scroll=\"desktop\"\r\n     data-scroll-desk=\"-100\"\r\n     data-scroll-mob=\"-100\"\r\n     current-post-id=\"24092\"\r\n     data-order-by=\"title\"\r\n     data-order-type=\"asc\"\r\n     active-filters=\"on\"\r\n     active-filters-style=\"without_tax\"\r\n     ><div id=\"caf-filter-layout1\" class='caf-filter-layout data-target-div2 '>\r\n    <ul class=\"caf-filter-container caf-filter-layout1\">\r\n        <li class=\"caf-mb-4\"><a href=\"#\" data-id=\"categorias_personalizadas___67,categorias_personalizadas___68,categorias_personalizadas___69,categorias_personalizadas___70,categorias_personalizadas___96,categorias_personalizadas___71,categorias_personalizadas___72,categorias_personalizadas___73,categorias_personalizadas___74,categorias_personalizadas___75,categorias_personalizadas___76\" data-main-id=\"flt\" class=\" abc active\" data-target-div=\"data-target-div2\">All<\/a><\/li><li class='caf-mb-4'><a href='#' data-id='categorias_personalizadas___67' data-main-id='flt' data-target-div='data-target-div2' class=''><i class=' caf-front-ic'><\/i>Actividades<\/a><\/li><li class='caf-mb-4'><a href='#' data-id='categorias_personalizadas___68' data-main-id='flt' data-target-div='data-target-div2' class=''><i class=' caf-front-ic'><\/i>Aeroestructuras<\/a><\/li><li class='caf-mb-4'><a href='#' data-id='categorias_personalizadas___69' data-main-id='flt' data-target-div='data-target-div2' class=''><i class=' caf-front-ic'><\/i>An\u00e1lisis y ensayos<\/a><\/li><li class='caf-mb-4'><a href='#' data-id='categorias_personalizadas___70' data-main-id='flt' data-target-div='data-target-div2' class=''><i class=' caf-front-ic'><\/i>Espacio<\/a><\/li><li class='caf-mb-4'><a href='#' data-id='categorias_personalizadas___96' data-main-id='flt' data-target-div='data-target-div2' class=''><i class=' caf-front-ic'><\/i>I+D<\/a><\/li><li class='caf-mb-4'><a href='#' data-id='categorias_personalizadas___71' data-main-id='flt' data-target-div='data-target-div2' class=''><i class=' caf-front-ic'><\/i>Ingenier\u00eda y sistemas<\/a><\/li><li class='caf-mb-4'><a href='#' data-id='categorias_personalizadas___72' data-main-id='flt' data-target-div='data-target-div2' class=''><i class=' caf-front-ic'><\/i>Materiales compuestos y pl\u00e1sticos<\/a><\/li><li class='caf-mb-4'><a href='#' data-id='categorias_personalizadas___73' data-main-id='flt' data-target-div='data-target-div2' class=''><i class=' caf-front-ic'><\/i>Servicios<\/a><\/li><li class='caf-mb-4'><a href='#' data-id='categorias_personalizadas___74' data-main-id='flt' data-target-div='data-target-div2' class=''><i class=' caf-front-ic'><\/i>Sistemas el\u00e9ctricos y electr\u00f3nicos<\/a><\/li><li class='caf-mb-4'><a href='#' data-id='categorias_personalizadas___75' data-main-id='flt' data-target-div='data-target-div2' class=''><i class=' caf-front-ic'><\/i>Tier 1<\/a><\/li><li class='caf-mb-4'><a href='#' data-id='categorias_personalizadas___76' data-main-id='flt' data-target-div='data-target-div2' class=''><i class=' caf-front-ic'><\/i>Utilidades y actividades mec\u00e1nicas<\/a><\/li>    <\/ul>\r\n<\/div><div class='caf-active-filters'><ul><\/ul><\/div><div class='caf-manage-sorting-front'>\r\n <div class='caf-manage-sorting-wrap first-wrap'>\r\n Order By :\r\n <select class=\"caf-sort-front caf-sort-order-by\">\r\n <option value=\"author\" >Author<\/option>\r\n <option value=\"title\" selected>Title<\/option>\r\n <option value=\"ID\" >Post ID<\/option>\r\n <option value=\"date\" >Date<\/option>\r\n <option value=\"rand\" >Random<\/option>\r\n <\/select><\/div>\r\n\r\n <div class='caf-manage-sorting-wrap'>\r\n Order  :\r\n <select class=\"caf-sort-front caf-sort-order-type\">\r\n <option value=\"asc\" selected>Asc<\/option>\r\n <option value=\"desc\" >Desc<\/option>\r\n <\/select><\/div>\r\n\r\n<\/div>\r\n\r\n<div id='manage-ajax-response' class='caf-row'><div class=\"status\"><i class=\"fa fa-spinner\" aria-hidden=\"true\"><\/i><\/div><div class=\"content\"><\/div><\/div><\/div>\n<\/div>\n<div id=\"programas\" class=\"tab-pane fade\" role=\"tabpanel\" aria-labelledby=\"programas-tab\">\n<div id=\"caf-post-layout-container\" class=\"caf-post-layout-container \r\n     filter-layout1 post-layout10 \r\n     data-target-div3\"\r\n     data-post-type=\"asociados\"\r\n     data-tax=\"categorias_personalizadas\"\r\n     data-terms=\"categorias_personalizadas___66\"\r\n     data-per-page=\"3\"\r\n     data-selected-terms=\"categorias_personalizadas___66\"\r\n     data-filter-id=\"254\"\r\n     data-post-layout=\"post-layout10\"\r\n     data-filter-layout=\"filter-layout1\"\r\n     data-target-div=\"data-target-div3\"\r\n     data-relation=\"IN\"\r\n     data-default-term=\"all\"\r\n     data-scroll=\"desktop\"\r\n     data-scroll-desk=\"-100\"\r\n     data-scroll-mob=\"-100\"\r\n     current-post-id=\"24092\"\r\n     data-order-by=\"title\"\r\n     data-order-type=\"asc\"\r\n     active-filters=\"on\"\r\n     active-filters-style=\"without_tax\"\r\n     ><div id=\"caf-filter-layout1\" class='caf-filter-layout data-target-div3 '>\r\n    <ul class=\"caf-filter-container caf-filter-layout1\">\r\n        <li class=\"caf-mb-4\"><a href=\"#\" data-id=\"categorias_personalizadas___66\" data-main-id=\"flt\" class=\" abc active\" data-target-div=\"data-target-div3\">All<\/a><\/li><li class='caf-mb-4'><a href='#' data-id='categorias_personalizadas___66' data-main-id='flt' data-target-div='data-target-div3' class=''><i class=' caf-front-ic'><\/i>Programas<\/a><\/li>    <\/ul>\r\n<\/div><div class='caf-active-filters'><ul><\/ul><\/div><div class='caf-manage-sorting-front'>\r\n <div class='caf-manage-sorting-wrap first-wrap'>\r\n Order By :\r\n <select class=\"caf-sort-front caf-sort-order-by\">\r\n <option value=\"author\" >Author<\/option>\r\n <option value=\"title\" selected>Title<\/option>\r\n <option value=\"ID\" >Post ID<\/option>\r\n <option value=\"date\" >Date<\/option>\r\n <option value=\"rand\" >Random<\/option>\r\n <\/select><\/div>\r\n\r\n <div class='caf-manage-sorting-wrap'>\r\n Order  :\r\n <select class=\"caf-sort-front caf-sort-order-type\">\r\n <option value=\"asc\" selected>Asc<\/option>\r\n <option value=\"desc\" >Desc<\/option>\r\n <\/select><\/div>\r\n\r\n<\/div>\r\n\r\n<div id='manage-ajax-response' class='caf-row'><div class=\"status\"><i class=\"fa fa-spinner\" aria-hidden=\"true\"><\/i><\/div><div class=\"content\"><\/div><\/div><\/div>\n<\/div>\n<\/div>\n<\/div>\n<\/div>\n<div class=\"col-xs-12 col-lg-1\"><\/div>\n<\/div>\n<\/div>\n<div class=\"content_block\" id=\"custom_post_widget-320\"><div class=\"container-fluid home-unete text-center text-lg-left\">\n<div class=\"row py-5 p-md-5\">\n<div class=\"col-xs-12 col-lg-8 px-4 px-md-5\">\n<h3>\u00danete a <strong>nuestra asociaci\u00f3n<\/strong><\/h3>\n<p class=\"texto\">Nuestra organizaci\u00f3n se ha convertido en un cl\u00faster aeroespacial y de defensa europeo con gran crecimiento sostenido y proyecci\u00f3n internacional gracias, tanto a las empresas, como a los dem\u00e1s agentes vinculados a la industria aeroespacial en la comunidad andaluza.<\/p>\n<p class=\"texto\"><strong>Andaluc\u00eda Aerospace, el cl\u00faster empresarial aeroespacial andaluz \u00a1Inf\u00f3rmate!<\/strong><\/p>\n<\/div>\n<div class=\"col-xs-12 col-lg-4 px-5\"><a class=\"btn-secondary mt-4\" href=\"http:\/\/andaluciaaerospace.com\/miembros\/como-hacerse-miembro\/\">Hazte miembro<\/a><\/div>\n<\/div>\n<\/div>\n<\/div>\n","protected":false},"excerpt":{"rendered":"<p>Full partners<\/p>\n<a class=\"btn btn-primary read-more-button\" href=\"https:\/\/andaluciaaerospace.com\/en\/members-of-the-cluster\/full-partners\/\">Leer m\u00e1s...<\/a>","protected":false},"author":1,"featured_media":0,"parent":24070,"menu_order":0,"comment_status":"closed","ping_status":"closed","template":"pages-templates\/empty-page.php","meta":{"_acf_changed":false,"_bbp_topic_count":0,"_bbp_reply_count":0,"_bbp_total_topic_count":0,"_bbp_total_reply_count":0,"_bbp_voice_count":0,"_bbp_anonymous_reply_count":0,"_bbp_topic_count_hidden":0,"_bbp_reply_count_hidden":0,"_bbp_forum_subforum_count":0,"footnotes":""},"class_list":["post-24092","page","type-page","status-publish","hentry"],"acf":[],"yoast_head":"<!-- This site is optimized with the Yoast SEO plugin v23.6 - https:\/\/yoast.com\/wordpress\/plugins\/seo\/ -->\n<title>Full partners - Andaluc\u00eda Aerospace<\/title>\n<meta name=\"description\" content=\"Full partners .Andaluc\u00eda Aerospace, cl\u00faster empresarial aeroespacial andaluz.\" \/>\n<meta name=\"robots\" content=\"index, follow, max-snippet:-1, max-image-preview:large, max-video-preview:-1\" \/>\n<link rel=\"canonical\" href=\"https:\/\/andaluciaaerospace.com\/en\/members-of-the-cluster\/full-partners\/\" \/>\n<meta property=\"og:locale\" content=\"en_US\" \/>\n<meta property=\"og:type\" content=\"article\" \/>\n<meta property=\"og:title\" content=\"Full partners - Andaluc\u00eda Aerospace\" \/>\n<meta property=\"og:description\" content=\"Full partners .Andaluc\u00eda Aerospace, cl\u00faster empresarial aeroespacial andaluz.\" \/>\n<meta property=\"og:url\" content=\"https:\/\/andaluciaaerospace.com\/en\/members-of-the-cluster\/full-partners\/\" \/>\n<meta property=\"og:site_name\" content=\"Andaluc\u00eda Aerospace\" \/>\n<meta property=\"article:modified_time\" content=\"2021-06-23T11:17:48+00:00\" \/>\n<meta property=\"og:image\" content=\"http:\/\/andaluciaaerospace.com\/wp-content\/uploads\/2021\/03\/cabecera-asociado.jpg\" \/>\n<meta name=\"twitter:card\" content=\"summary_large_image\" \/>\n<script type=\"application\/ld+json\" class=\"yoast-schema-graph\">{\"@context\":\"https:\/\/schema.org\",\"@graph\":[{\"@type\":[\"WebPage\",\"SearchResultsPage\"],\"@id\":\"https:\/\/andaluciaaerospace.com\/en\/members-of-the-cluster\/full-partners\/\",\"url\":\"https:\/\/andaluciaaerospace.com\/en\/members-of-the-cluster\/full-partners\/\",\"name\":\"Full partners - Andaluc\u00eda Aerospace\",\"isPartOf\":{\"@id\":\"https:\/\/andaluciaaerospace.com\/en\/#website\"},\"primaryImageOfPage\":{\"@id\":\"https:\/\/andaluciaaerospace.com\/en\/members-of-the-cluster\/full-partners\/#primaryimage\"},\"image\":{\"@id\":\"https:\/\/andaluciaaerospace.com\/en\/members-of-the-cluster\/full-partners\/#primaryimage\"},\"thumbnailUrl\":\"http:\/\/andaluciaaerospace.com\/wp-content\/uploads\/2021\/03\/cabecera-asociado.jpg\",\"datePublished\":\"2021-03-05T11:08:29+00:00\",\"dateModified\":\"2021-06-23T11:17:48+00:00\",\"description\":\"Full partners .Andaluc\u00eda Aerospace, cl\u00faster empresarial aeroespacial andaluz.\",\"breadcrumb\":{\"@id\":\"https:\/\/andaluciaaerospace.com\/en\/members-of-the-cluster\/full-partners\/#breadcrumb\"},\"inLanguage\":\"en-US\",\"potentialAction\":[{\"@type\":\"ReadAction\",\"target\":[\"https:\/\/andaluciaaerospace.com\/en\/members-of-the-cluster\/full-partners\/\"]}]},{\"@type\":\"ImageObject\",\"inLanguage\":\"en-US\",\"@id\":\"https:\/\/andaluciaaerospace.com\/en\/members-of-the-cluster\/full-partners\/#primaryimage\",\"url\":\"http:\/\/andaluciaaerospace.com\/wp-content\/uploads\/2021\/03\/cabecera-asociado.jpg\",\"contentUrl\":\"http:\/\/andaluciaaerospace.com\/wp-content\/uploads\/2021\/03\/cabecera-asociado.jpg\"},{\"@type\":\"BreadcrumbList\",\"@id\":\"https:\/\/andaluciaaerospace.com\/en\/members-of-the-cluster\/full-partners\/#breadcrumb\",\"itemListElement\":[{\"@type\":\"ListItem\",\"position\":1,\"name\":\"Portada\",\"item\":\"https:\/\/andaluciaaerospace.com\/en\/\"},{\"@type\":\"ListItem\",\"position\":2,\"name\":\"Members of the cluster\",\"item\":\"https:\/\/andaluciaaerospace.com\/en\/members-of-the-cluster\/\"},{\"@type\":\"ListItem\",\"position\":3,\"name\":\"Full partners\"}]},{\"@type\":\"WebSite\",\"@id\":\"https:\/\/andaluciaaerospace.com\/en\/#website\",\"url\":\"https:\/\/andaluciaaerospace.com\/en\/\",\"name\":\"Andaluc\u00eda Aerospace\",\"description\":\"Cluster empresarial aeron\u00e1utico\",\"potentialAction\":[{\"@type\":\"SearchAction\",\"target\":{\"@type\":\"EntryPoint\",\"urlTemplate\":\"https:\/\/andaluciaaerospace.com\/en\/?s={search_term_string}\"},\"query-input\":{\"@type\":\"PropertyValueSpecification\",\"valueRequired\":true,\"valueName\":\"search_term_string\"}}],\"inLanguage\":\"en-US\"}]}<\/script>\n<!-- \/ Yoast SEO plugin. -->","yoast_head_json":{"title":"Full partners - Andaluc\u00eda Aerospace","description":"Full partners .Andaluc\u00eda Aerospace, cl\u00faster empresarial aeroespacial andaluz.","robots":{"index":"index","follow":"follow","max-snippet":"max-snippet:-1","max-image-preview":"max-image-preview:large","max-video-preview":"max-video-preview:-1"},"canonical":"https:\/\/andaluciaaerospace.com\/en\/members-of-the-cluster\/full-partners\/","og_locale":"en_US","og_type":"article","og_title":"Full partners - Andaluc\u00eda Aerospace","og_description":"Full partners .Andaluc\u00eda Aerospace, cl\u00faster empresarial aeroespacial andaluz.","og_url":"https:\/\/andaluciaaerospace.com\/en\/members-of-the-cluster\/full-partners\/","og_site_name":"Andaluc\u00eda Aerospace","article_modified_time":"2021-06-23T11:17:48+00:00","og_image":[{"url":"http:\/\/andaluciaaerospace.com\/wp-content\/uploads\/2021\/03\/cabecera-asociado.jpg"}],"twitter_card":"summary_large_image","schema":{"@context":"https:\/\/schema.org","@graph":[{"@type":["WebPage","SearchResultsPage"],"@id":"https:\/\/andaluciaaerospace.com\/en\/members-of-the-cluster\/full-partners\/","url":"https:\/\/andaluciaaerospace.com\/en\/members-of-the-cluster\/full-partners\/","name":"Full partners - Andaluc\u00eda Aerospace","isPartOf":{"@id":"https:\/\/andaluciaaerospace.com\/en\/#website"},"primaryImageOfPage":{"@id":"https:\/\/andaluciaaerospace.com\/en\/members-of-the-cluster\/full-partners\/#primaryimage"},"image":{"@id":"https:\/\/andaluciaaerospace.com\/en\/members-of-the-cluster\/full-partners\/#primaryimage"},"thumbnailUrl":"http:\/\/andaluciaaerospace.com\/wp-content\/uploads\/2021\/03\/cabecera-asociado.jpg","datePublished":"2021-03-05T11:08:29+00:00","dateModified":"2021-06-23T11:17:48+00:00","description":"Full partners .Andaluc\u00eda Aerospace, cl\u00faster empresarial aeroespacial andaluz.","breadcrumb":{"@id":"https:\/\/andaluciaaerospace.com\/en\/members-of-the-cluster\/full-partners\/#breadcrumb"},"inLanguage":"en-US","potentialAction":[{"@type":"ReadAction","target":["https:\/\/andaluciaaerospace.com\/en\/members-of-the-cluster\/full-partners\/"]}]},{"@type":"ImageObject","inLanguage":"en-US","@id":"https:\/\/andaluciaaerospace.com\/en\/members-of-the-cluster\/full-partners\/#primaryimage","url":"http:\/\/andaluciaaerospace.com\/wp-content\/uploads\/2021\/03\/cabecera-asociado.jpg","contentUrl":"http:\/\/andaluciaaerospace.com\/wp-content\/uploads\/2021\/03\/cabecera-asociado.jpg"},{"@type":"BreadcrumbList","@id":"https:\/\/andaluciaaerospace.com\/en\/members-of-the-cluster\/full-partners\/#breadcrumb","itemListElement":[{"@type":"ListItem","position":1,"name":"Portada","item":"https:\/\/andaluciaaerospace.com\/en\/"},{"@type":"ListItem","position":2,"name":"Members of the cluster","item":"https:\/\/andaluciaaerospace.com\/en\/members-of-the-cluster\/"},{"@type":"ListItem","position":3,"name":"Full partners"}]},{"@type":"WebSite","@id":"https:\/\/andaluciaaerospace.com\/en\/#website","url":"https:\/\/andaluciaaerospace.com\/en\/","name":"Andaluc\u00eda Aerospace","description":"Cluster empresarial aeron\u00e1utico","potentialAction":[{"@type":"SearchAction","target":{"@type":"EntryPoint","urlTemplate":"https:\/\/andaluciaaerospace.com\/en\/?s={search_term_string}"},"query-input":{"@type":"PropertyValueSpecification","valueRequired":true,"valueName":"search_term_string"}}],"inLanguage":"en-US"}]}},"_links":{"self":[{"href":"https:\/\/andaluciaaerospace.com\/en\/wp-json\/wp\/v2\/pages\/24092","targetHints":{"allow":["GET"]}}],"collection":[{"href":"https:\/\/andaluciaaerospace.com\/en\/wp-json\/wp\/v2\/pages"}],"about":[{"href":"https:\/\/andaluciaaerospace.com\/en\/wp-json\/wp\/v2\/types\/page"}],"author":[{"embeddable":true,"href":"https:\/\/andaluciaaerospace.com\/en\/wp-json\/wp\/v2\/users\/1"}],"replies":[{"embeddable":true,"href":"https:\/\/andaluciaaerospace.com\/en\/wp-json\/wp\/v2\/comments?post=24092"}],"version-history":[{"count":3,"href":"https:\/\/andaluciaaerospace.com\/en\/wp-json\/wp\/v2\/pages\/24092\/revisions"}],"predecessor-version":[{"id":24123,"href":"https:\/\/andaluciaaerospace.com\/en\/wp-json\/wp\/v2\/pages\/24092\/revisions\/24123"}],"up":[{"embeddable":true,"href":"https:\/\/andaluciaaerospace.com\/en\/wp-json\/wp\/v2\/pages\/24070"}],"wp:attachment":[{"href":"https:\/\/andaluciaaerospace.com\/en\/wp-json\/wp\/v2\/media?parent=24092"}],"curies":[{"name":"wp","href":"https:\/\/api.w.org\/{rel}","templated":true}]}}