{"id":24088,"date":"2021-03-05T12:09:03","date_gmt":"2021-03-05T11:09:03","guid":{"rendered":"https:\/\/andaluciaaerospace.com\/members\/como-hacerse-miembro\/"},"modified":"2021-06-25T10:38:19","modified_gmt":"2021-06-25T08:38:19","slug":"how-to-become-a-member","status":"publish","type":"page","link":"https:\/\/andaluciaaerospace.com\/en\/members-of-the-cluster\/how-to-become-a-member\/","title":{"rendered":"How to become a member"},"content":{"rendered":"<div class=\"cabecera-con-degradado\"><span class=\"degradado-cabecera\"><\/span><br \/>\n<img decoding=\"async\" class=\"wp-post-image\" src=\"http:\/\/andaluciaaerospace.com\/wp-content\/uploads\/2021\/03\/cabecera-asociado.jpg\" alt=\"Avi\u00f3n volando en puesta de sol\" \/><\/div>\n<div class=\"asociado container-fluid pt-5 mb-5\">\n<div class=\"row\">\n<div class=\"col-xs-12 col-md-1\"><\/div>\n<div class=\"col-xs-12 col-md-10\">\n<h1 class=\"pb-2 mb-4\">How to become a member<\/h1>\n<div class=\"row px-5\">\n<div class=\"col-xs-12 col-md-5 pr-5\">\n<p class=\"texto-semidestacado\"><strong>Andaluc\u00eda Aerospace<\/strong>, the Andalusian aerospace business cluster, aims to boost growth and position our regional partner companies in the national and international aerospace market.<\/p>\n<p class=\"texto-semidestacado\">Companies interested in joining this association should send an application to the cluster management team with their contact details.<\/p>\n<p class=\"texto\"><a href=\"http:\/\/andaluciaaerospace.com\/wp-content\/uploads\/2021\/04\/Solicitud_adhesion_Andalucia_Aerospace_Asociados_pleno_derecho.pdf\" target=\"_blank\" rel=\"noopener\"><i class=\"fa fa-file\" aria-hidden=\"true\"><\/i> Download FULL PARTNER membership application<\/a><\/p>\n<p class=\"texto\"><a href=\"http:\/\/andaluciaaerospace.com\/wp-content\/uploads\/2021\/04\/Solicitud_adhesion_Andalucia_Aerospace_Socios_Colaboradores.pdf\" target=\"_blank\" rel=\"noopener\"><i class=\"fa fa-file\" aria-hidden=\"true\"><\/i> Download COLLABORATOR membership application<\/a><\/p>\n<\/div>\n<div class=\"col-xs-12 col-md-7\">\n<p class=\"texto\">Fill the form:<\/p>\n\n<div class=\"wpcf7 no-js\" id=\"wpcf7-f24290-o1\" lang=\"es-ES\" dir=\"ltr\" data-wpcf7-id=\"24290\">\n<div class=\"screen-reader-response\"><p role=\"status\" aria-live=\"polite\" aria-atomic=\"true\"><\/p> <ul><\/ul><\/div>\n<form action=\"\/en\/wp-json\/wp\/v2\/pages\/24088#wpcf7-f24290-o1\" method=\"post\" class=\"wpcf7-form init\" aria-label=\"Formulario de contacto\" enctype=\"multipart\/form-data\" novalidate=\"novalidate\" data-status=\"init\">\n<fieldset class=\"hidden-fields-container\"><input type=\"hidden\" name=\"_wpcf7\" value=\"24290\" \/><input type=\"hidden\" name=\"_wpcf7_version\" value=\"6.1.2\" \/><input type=\"hidden\" name=\"_wpcf7_locale\" value=\"es_ES\" \/><input type=\"hidden\" name=\"_wpcf7_unit_tag\" value=\"wpcf7-f24290-o1\" \/><input type=\"hidden\" name=\"_wpcf7_container_post\" value=\"0\" \/><input type=\"hidden\" name=\"_wpcf7_posted_data_hash\" value=\"\" \/><input type=\"hidden\" name=\"_wpcf7_recaptcha_response\" value=\"\" \/>\n<\/fieldset>\n<div class=\"row\">\n\t<div class=\"col-xs-12 col-md-6 pb-3\">\n\t\t<p><span class=\"wpcf7-form-control-wrap\" data-name=\"nombre\"><input size=\"40\" maxlength=\"400\" class=\"wpcf7-form-control wpcf7-text wpcf7-validates-as-required\" aria-required=\"true\" aria-invalid=\"false\" placeholder=\"Name *\" value=\"\" type=\"text\" name=\"nombre\" \/><\/span>\n\t\t<\/p>\n\t<\/div>\n\t<div class=\"col-xs-12 col-md-6 pb-3\">\n\t\t<p><span class=\"wpcf7-form-control-wrap\" data-name=\"apellidos\"><input size=\"40\" maxlength=\"400\" class=\"wpcf7-form-control wpcf7-text wpcf7-validates-as-required\" aria-required=\"true\" aria-invalid=\"false\" placeholder=\"Surname *\" value=\"\" type=\"text\" name=\"apellidos\" \/><\/span>\n\t\t<\/p>\n\t<\/div>\n\t<div class=\"col-xs-12 col-md-6 pb-3\">\n\t\t<p><span class=\"wpcf7-form-control-wrap\" data-name=\"empresa\"><input size=\"40\" maxlength=\"400\" class=\"wpcf7-form-control wpcf7-text wpcf7-validates-as-required\" aria-required=\"true\" aria-invalid=\"false\" placeholder=\"Company *\" value=\"\" type=\"text\" name=\"empresa\" \/><\/span>\n\t\t<\/p>\n\t<\/div>\n\t<div class=\"col-xs-12 col-md-6 pb-3\">\n\t\t<p><span class=\"wpcf7-form-control-wrap\" data-name=\"razon\"><input size=\"40\" maxlength=\"400\" class=\"wpcf7-form-control wpcf7-text wpcf7-validates-as-required\" aria-required=\"true\" aria-invalid=\"false\" placeholder=\"Business name *\" value=\"\" type=\"text\" name=\"razon\" \/><\/span>\n\t\t<\/p>\n\t<\/div>\n\t<div class=\"col-xs-12 col-md-12 pb-3\">\n\t\t<p><span class=\"wpcf7-form-control-wrap\" data-name=\"direccion\"><input size=\"40\" maxlength=\"400\" class=\"wpcf7-form-control wpcf7-text wpcf7-validates-as-required\" aria-required=\"true\" aria-invalid=\"false\" placeholder=\"Address *\" value=\"\" type=\"text\" name=\"direccion\" \/><\/span>\n\t\t<\/p>\n\t<\/div>\n\t<div class=\"col-xs-12 col-md-6 pb-3\">\n\t\t<p><span class=\"wpcf7-form-control-wrap\" data-name=\"tel-284\"><input size=\"40\" maxlength=\"400\" class=\"wpcf7-form-control wpcf7-tel wpcf7-validates-as-required wpcf7-text wpcf7-validates-as-tel\" aria-required=\"true\" aria-invalid=\"false\" placeholder=\"Telephone *\" value=\"\" type=\"tel\" name=\"tel-284\" \/><\/span>\n\t\t<\/p>\n\t<\/div>\n\t<div class=\"col-xs-12 col-md-6 pb-3\">\n\t\t<p><span class=\"wpcf7-form-control-wrap\" data-name=\"email-597\"><input size=\"40\" maxlength=\"400\" class=\"wpcf7-form-control wpcf7-email wpcf7-validates-as-required wpcf7-text wpcf7-validates-as-email\" aria-required=\"true\" aria-invalid=\"false\" placeholder=\"E-mail\" value=\"\" type=\"email\" name=\"email-597\" \/><\/span>\n\t\t<\/p>\n\t<\/div>\n\t<div class=\"col-xs-12 col-md-12  pb-3\">\n\t\t<p><span class=\"wpcf7-form-control-wrap\" data-name=\"web\"><input size=\"40\" maxlength=\"400\" class=\"wpcf7-form-control wpcf7-text wpcf7-validates-as-required\" aria-required=\"true\" aria-invalid=\"false\" placeholder=\"Website *\" value=\"\" type=\"text\" name=\"web\" \/><\/span>\n\t\t<\/p>\n\t<\/div>\n\t<div class=\"col-xs-12 col-md-12  pb-3\">\n\t\t<p>Attach completed membership application: <span class=\"wpcf7-form-control-wrap\" data-name=\"solicituddeadhesion\"><input size=\"40\" class=\"wpcf7-form-control wpcf7-file wpcf7-validates-as-required\" accept=\".pdf\" aria-required=\"true\" aria-invalid=\"false\" type=\"file\" name=\"solicituddeadhesion\" \/><\/span>\n\t\t<\/p>\n\t<\/div>\n\t<div class=\"col-xs-12 col-md-12  pb-3\">\n\t\t<p><span class=\"wpcf7-form-control-wrap\" data-name=\"textarea-283\"><textarea cols=\"40\" rows=\"10\" maxlength=\"2000\" class=\"wpcf7-form-control wpcf7-textarea\" aria-invalid=\"false\" placeholder=\"Message\" name=\"textarea-283\"><\/textarea><\/span>\n\t\t<\/p>\n\t<\/div>\n\t<div class=\"col-xs-12 col-md-9\">\n\t\t<p class=\"mb-1 texto-legal small\"><span class=\"wpcf7-form-control-wrap\" data-name=\"acceptance-726\"><span class=\"wpcf7-form-control wpcf7-acceptance\"><span class=\"wpcf7-list-item\"><input type=\"checkbox\" name=\"acceptance-726\" value=\"1\" aria-invalid=\"false\" \/><\/span><\/span><\/span>I have read and accept the <a href=\"\/en\/legal-warning\/\" target=\"_blank\">legal warning<\/a> and the <a href=\"\/en\/privacy-policy\/\" target=\"_blank\">privacy Policy<\/a>\n\t\t<\/p>\n\t<\/div>\n\t<div class=\"col-xs-12 col-md-3\">\n\t\t<p><input class=\"wpcf7-form-control wpcf7-submit has-spinner\" type=\"submit\" value=\"Send\" \/>\n\t\t<\/p>\n\t<\/div>\n<\/div><div class=\"wpcf7-response-output\" aria-hidden=\"true\"><\/div>\n<\/form>\n<\/div>\n\n<\/div>\n<\/div>\n<\/div>\n<div class=\"col-xs-12 col-md-1\"><\/div>\n<\/div>\n<\/div>\n","protected":false},"excerpt":{"rendered":"<p>How to become a member Andaluc\u00eda Aerospace, the Andalusian aerospace business cluster, aims to boost growth and position our regional partner companies in the national and international aerospace market. Companies interested in joining this association should send an application to the cluster management team with their contact details. Download FULL PARTNER membership application Download COLLABORATOR<\/p>\n<a class=\"btn btn-primary read-more-button\" href=\"https:\/\/andaluciaaerospace.com\/en\/members-of-the-cluster\/how-to-become-a-member\/\">Leer m\u00e1s...<\/a>","protected":false},"author":1,"featured_media":0,"parent":24070,"menu_order":0,"comment_status":"closed","ping_status":"closed","template":"pages-templates\/empty-page.php","meta":{"_acf_changed":false,"_bbp_topic_count":0,"_bbp_reply_count":0,"_bbp_total_topic_count":0,"_bbp_total_reply_count":0,"_bbp_voice_count":0,"_bbp_anonymous_reply_count":0,"_bbp_topic_count_hidden":0,"_bbp_reply_count_hidden":0,"_bbp_forum_subforum_count":0,"footnotes":""},"class_list":["post-24088","page","type-page","status-publish","hentry"],"acf":[],"yoast_head":"<!-- This site is optimized with the Yoast SEO plugin v23.6 - https:\/\/yoast.com\/wordpress\/plugins\/seo\/ -->\n<title>How to become a member - Andaluc\u00eda Aerospace<\/title>\n<meta name=\"description\" content=\"How to become a member .Andaluc\u00eda Aerospace, cl\u00faster empresarial aeroespacial andaluz.\" \/>\n<meta name=\"robots\" content=\"index, follow, max-snippet:-1, max-image-preview:large, max-video-preview:-1\" \/>\n<link rel=\"canonical\" href=\"https:\/\/andaluciaaerospace.com\/en\/members-of-the-cluster\/how-to-become-a-member\/\" \/>\n<meta property=\"og:locale\" content=\"en_US\" \/>\n<meta property=\"og:type\" content=\"article\" \/>\n<meta property=\"og:title\" content=\"How to become a member - Andaluc\u00eda Aerospace\" \/>\n<meta property=\"og:description\" content=\"How to become a member .Andaluc\u00eda Aerospace, cl\u00faster empresarial aeroespacial andaluz.\" \/>\n<meta property=\"og:url\" content=\"https:\/\/andaluciaaerospace.com\/en\/members-of-the-cluster\/how-to-become-a-member\/\" \/>\n<meta property=\"og:site_name\" content=\"Andaluc\u00eda Aerospace\" \/>\n<meta property=\"article:modified_time\" content=\"2021-06-25T08:38:19+00:00\" \/>\n<meta property=\"og:image\" content=\"http:\/\/andaluciaaerospace.com\/wp-content\/uploads\/2021\/03\/cabecera-asociado.jpg\" \/>\n<meta name=\"twitter:card\" content=\"summary_large_image\" \/>\n<script type=\"application\/ld+json\" class=\"yoast-schema-graph\">{\"@context\":\"https:\/\/schema.org\",\"@graph\":[{\"@type\":[\"WebPage\",\"SearchResultsPage\"],\"@id\":\"https:\/\/andaluciaaerospace.com\/en\/members-of-the-cluster\/how-to-become-a-member\/\",\"url\":\"https:\/\/andaluciaaerospace.com\/en\/members-of-the-cluster\/how-to-become-a-member\/\",\"name\":\"How to become a member - Andaluc\u00eda Aerospace\",\"isPartOf\":{\"@id\":\"https:\/\/andaluciaaerospace.com\/en\/#website\"},\"primaryImageOfPage\":{\"@id\":\"https:\/\/andaluciaaerospace.com\/en\/members-of-the-cluster\/how-to-become-a-member\/#primaryimage\"},\"image\":{\"@id\":\"https:\/\/andaluciaaerospace.com\/en\/members-of-the-cluster\/how-to-become-a-member\/#primaryimage\"},\"thumbnailUrl\":\"http:\/\/andaluciaaerospace.com\/wp-content\/uploads\/2021\/03\/cabecera-asociado.jpg\",\"datePublished\":\"2021-03-05T11:09:03+00:00\",\"dateModified\":\"2021-06-25T08:38:19+00:00\",\"description\":\"How to become a member .Andaluc\u00eda Aerospace, cl\u00faster empresarial aeroespacial andaluz.\",\"breadcrumb\":{\"@id\":\"https:\/\/andaluciaaerospace.com\/en\/members-of-the-cluster\/how-to-become-a-member\/#breadcrumb\"},\"inLanguage\":\"en-US\",\"potentialAction\":[{\"@type\":\"ReadAction\",\"target\":[\"https:\/\/andaluciaaerospace.com\/en\/members-of-the-cluster\/how-to-become-a-member\/\"]}]},{\"@type\":\"ImageObject\",\"inLanguage\":\"en-US\",\"@id\":\"https:\/\/andaluciaaerospace.com\/en\/members-of-the-cluster\/how-to-become-a-member\/#primaryimage\",\"url\":\"http:\/\/andaluciaaerospace.com\/wp-content\/uploads\/2021\/03\/cabecera-asociado.jpg\",\"contentUrl\":\"http:\/\/andaluciaaerospace.com\/wp-content\/uploads\/2021\/03\/cabecera-asociado.jpg\"},{\"@type\":\"BreadcrumbList\",\"@id\":\"https:\/\/andaluciaaerospace.com\/en\/members-of-the-cluster\/how-to-become-a-member\/#breadcrumb\",\"itemListElement\":[{\"@type\":\"ListItem\",\"position\":1,\"name\":\"Portada\",\"item\":\"https:\/\/andaluciaaerospace.com\/en\/\"},{\"@type\":\"ListItem\",\"position\":2,\"name\":\"Members of the cluster\",\"item\":\"https:\/\/andaluciaaerospace.com\/en\/members-of-the-cluster\/\"},{\"@type\":\"ListItem\",\"position\":3,\"name\":\"How to become a member\"}]},{\"@type\":\"WebSite\",\"@id\":\"https:\/\/andaluciaaerospace.com\/en\/#website\",\"url\":\"https:\/\/andaluciaaerospace.com\/en\/\",\"name\":\"Andaluc\u00eda Aerospace\",\"description\":\"Cluster empresarial aeron\u00e1utico\",\"potentialAction\":[{\"@type\":\"SearchAction\",\"target\":{\"@type\":\"EntryPoint\",\"urlTemplate\":\"https:\/\/andaluciaaerospace.com\/en\/?s={search_term_string}\"},\"query-input\":{\"@type\":\"PropertyValueSpecification\",\"valueRequired\":true,\"valueName\":\"search_term_string\"}}],\"inLanguage\":\"en-US\"}]}<\/script>\n<!-- \/ Yoast SEO plugin. -->","yoast_head_json":{"title":"How to become a member - Andaluc\u00eda Aerospace","description":"How to become a member .Andaluc\u00eda Aerospace, cl\u00faster empresarial aeroespacial andaluz.","robots":{"index":"index","follow":"follow","max-snippet":"max-snippet:-1","max-image-preview":"max-image-preview:large","max-video-preview":"max-video-preview:-1"},"canonical":"https:\/\/andaluciaaerospace.com\/en\/members-of-the-cluster\/how-to-become-a-member\/","og_locale":"en_US","og_type":"article","og_title":"How to become a member - Andaluc\u00eda Aerospace","og_description":"How to become a member .Andaluc\u00eda Aerospace, cl\u00faster empresarial aeroespacial andaluz.","og_url":"https:\/\/andaluciaaerospace.com\/en\/members-of-the-cluster\/how-to-become-a-member\/","og_site_name":"Andaluc\u00eda Aerospace","article_modified_time":"2021-06-25T08:38:19+00:00","og_image":[{"url":"http:\/\/andaluciaaerospace.com\/wp-content\/uploads\/2021\/03\/cabecera-asociado.jpg"}],"twitter_card":"summary_large_image","schema":{"@context":"https:\/\/schema.org","@graph":[{"@type":["WebPage","SearchResultsPage"],"@id":"https:\/\/andaluciaaerospace.com\/en\/members-of-the-cluster\/how-to-become-a-member\/","url":"https:\/\/andaluciaaerospace.com\/en\/members-of-the-cluster\/how-to-become-a-member\/","name":"How to become a member - Andaluc\u00eda Aerospace","isPartOf":{"@id":"https:\/\/andaluciaaerospace.com\/en\/#website"},"primaryImageOfPage":{"@id":"https:\/\/andaluciaaerospace.com\/en\/members-of-the-cluster\/how-to-become-a-member\/#primaryimage"},"image":{"@id":"https:\/\/andaluciaaerospace.com\/en\/members-of-the-cluster\/how-to-become-a-member\/#primaryimage"},"thumbnailUrl":"http:\/\/andaluciaaerospace.com\/wp-content\/uploads\/2021\/03\/cabecera-asociado.jpg","datePublished":"2021-03-05T11:09:03+00:00","dateModified":"2021-06-25T08:38:19+00:00","description":"How to become a member .Andaluc\u00eda Aerospace, cl\u00faster empresarial aeroespacial andaluz.","breadcrumb":{"@id":"https:\/\/andaluciaaerospace.com\/en\/members-of-the-cluster\/how-to-become-a-member\/#breadcrumb"},"inLanguage":"en-US","potentialAction":[{"@type":"ReadAction","target":["https:\/\/andaluciaaerospace.com\/en\/members-of-the-cluster\/how-to-become-a-member\/"]}]},{"@type":"ImageObject","inLanguage":"en-US","@id":"https:\/\/andaluciaaerospace.com\/en\/members-of-the-cluster\/how-to-become-a-member\/#primaryimage","url":"http:\/\/andaluciaaerospace.com\/wp-content\/uploads\/2021\/03\/cabecera-asociado.jpg","contentUrl":"http:\/\/andaluciaaerospace.com\/wp-content\/uploads\/2021\/03\/cabecera-asociado.jpg"},{"@type":"BreadcrumbList","@id":"https:\/\/andaluciaaerospace.com\/en\/members-of-the-cluster\/how-to-become-a-member\/#breadcrumb","itemListElement":[{"@type":"ListItem","position":1,"name":"Portada","item":"https:\/\/andaluciaaerospace.com\/en\/"},{"@type":"ListItem","position":2,"name":"Members of the cluster","item":"https:\/\/andaluciaaerospace.com\/en\/members-of-the-cluster\/"},{"@type":"ListItem","position":3,"name":"How to become a member"}]},{"@type":"WebSite","@id":"https:\/\/andaluciaaerospace.com\/en\/#website","url":"https:\/\/andaluciaaerospace.com\/en\/","name":"Andaluc\u00eda Aerospace","description":"Cluster empresarial aeron\u00e1utico","potentialAction":[{"@type":"SearchAction","target":{"@type":"EntryPoint","urlTemplate":"https:\/\/andaluciaaerospace.com\/en\/?s={search_term_string}"},"query-input":{"@type":"PropertyValueSpecification","valueRequired":true,"valueName":"search_term_string"}}],"inLanguage":"en-US"}]}},"_links":{"self":[{"href":"https:\/\/andaluciaaerospace.com\/en\/wp-json\/wp\/v2\/pages\/24088","targetHints":{"allow":["GET"]}}],"collection":[{"href":"https:\/\/andaluciaaerospace.com\/en\/wp-json\/wp\/v2\/pages"}],"about":[{"href":"https:\/\/andaluciaaerospace.com\/en\/wp-json\/wp\/v2\/types\/page"}],"author":[{"embeddable":true,"href":"https:\/\/andaluciaaerospace.com\/en\/wp-json\/wp\/v2\/users\/1"}],"replies":[{"embeddable":true,"href":"https:\/\/andaluciaaerospace.com\/en\/wp-json\/wp\/v2\/comments?post=24088"}],"version-history":[{"count":3,"href":"https:\/\/andaluciaaerospace.com\/en\/wp-json\/wp\/v2\/pages\/24088\/revisions"}],"predecessor-version":[{"id":24291,"href":"https:\/\/andaluciaaerospace.com\/en\/wp-json\/wp\/v2\/pages\/24088\/revisions\/24291"}],"up":[{"embeddable":true,"href":"https:\/\/andaluciaaerospace.com\/en\/wp-json\/wp\/v2\/pages\/24070"}],"wp:attachment":[{"href":"https:\/\/andaluciaaerospace.com\/en\/wp-json\/wp\/v2\/media?parent=24088"}],"curies":[{"name":"wp","href":"https:\/\/api.w.org\/{rel}","templated":true}]}}