{"id":24079,"date":"2021-03-04T17:24:16","date_gmt":"2021-03-04T16:24:16","guid":{"rendered":"https:\/\/andaluciaaerospace.com\/contacto\/"},"modified":"2024-10-15T12:46:43","modified_gmt":"2024-10-15T10:46:43","slug":"contact","status":"publish","type":"page","link":"https:\/\/andaluciaaerospace.com\/en\/contact\/","title":{"rendered":"Contact"},"content":{"rendered":"<div class=\"cabecera-con-degradado\">\n<img decoding=\"async\" class=\"wp-post-image\" src=\"http:\/\/andaluciaaerospace.com\/wp-content\/uploads\/2021\/04\/cabecera-contacto.jpg\" alt=\"Avi\u00f3n volando en puesta de sol\" \/><\/div>\n<div class=\"asociado container-fluid pt-5 mb-5\">\n<div class=\"row\">\n<div class=\"col-xs-12 col-md-1\"><\/div>\n<div class=\"col-xs-12 col-md-10\">\n<h1 class=\"pb-2 mb-4\">Contact with us<\/h1>\n<div class=\"row px-5\">\n<div class=\"col-xs-12 col-lg-5 pr-5\">\n<p class=\"texto-semidestacado\">You can contact us at:<\/p>\n<p class=\"texto\"><strong>Andaluc\u00eda Aerospace offices in PCT Cartuja<\/strong><\/p>\n<p class=\"texto\"><i class=\"fa fa-map-signs\" aria-hidden=\"true\"><\/i> Tecnoincubadora Marie Curie.<br \/>\nC\/ Leonardo da Vinci, 18. Planta 3, M\u00f3dulo 9.<br \/>\n41092 Sevilla, Espa\u00f1a.<\/p>\n<p class=\"texto\"><i class=\"fa fa-phone-square\" aria-hidden=\"true\"><\/i> Telephone: <a href=\"tel:+34955120796\">(+34) 955 12 07 96<\/a><\/p>\n<p class=\"texto\"><i class=\"fa fa-envelope\" aria-hidden=\"true\"><\/i> E-mail: <a href=\"mailto:comunicacion@andaluciaaerospace.com\">comunicacion@andaluciaaerospace.com<\/a><\/p>\n<\/div>\n<div class=\"col-xs-12 col-lg-7\">\n\n<div class=\"wpcf7 no-js\" id=\"wpcf7-f24246-o1\" lang=\"es-ES\" dir=\"ltr\" data-wpcf7-id=\"24246\">\n<div class=\"screen-reader-response\"><p role=\"status\" aria-live=\"polite\" aria-atomic=\"true\"><\/p> <ul><\/ul><\/div>\n<form action=\"\/en\/wp-json\/wp\/v2\/pages\/24079#wpcf7-f24246-o1\" method=\"post\" class=\"wpcf7-form init\" aria-label=\"Formulario de contacto\" novalidate=\"novalidate\" data-status=\"init\">\n<fieldset class=\"hidden-fields-container\"><input type=\"hidden\" name=\"_wpcf7\" value=\"24246\" \/><input type=\"hidden\" name=\"_wpcf7_version\" value=\"6.1.2\" \/><input type=\"hidden\" name=\"_wpcf7_locale\" value=\"es_ES\" \/><input type=\"hidden\" name=\"_wpcf7_unit_tag\" value=\"wpcf7-f24246-o1\" \/><input type=\"hidden\" name=\"_wpcf7_container_post\" value=\"0\" \/><input type=\"hidden\" name=\"_wpcf7_posted_data_hash\" value=\"\" \/><input type=\"hidden\" name=\"_wpcf7_recaptcha_response\" value=\"\" \/>\n<\/fieldset>\n<div class=\"row\">\n\t<div class=\"col-xs-12 col-md-6 pb-3\">\n\t\t<p><span class=\"wpcf7-form-control-wrap\" data-name=\"nombre\"><input size=\"40\" maxlength=\"400\" class=\"wpcf7-form-control wpcf7-text wpcf7-validates-as-required\" aria-required=\"true\" aria-invalid=\"false\" placeholder=\"Name *\" value=\"\" type=\"text\" name=\"nombre\" \/><\/span>\n\t\t<\/p>\n\t<\/div>\n\t<div class=\"col-xs-12 col-md-6 pb-3\">\n\t\t<p><span class=\"wpcf7-form-control-wrap\" data-name=\"apellidos\"><input size=\"40\" maxlength=\"400\" class=\"wpcf7-form-control wpcf7-text wpcf7-validates-as-required\" aria-required=\"true\" aria-invalid=\"false\" placeholder=\"Surname *\" value=\"\" type=\"text\" name=\"apellidos\" \/><\/span>\n\t\t<\/p>\n\t<\/div>\n\t<div class=\"col-xs-12 col-md-6 pb-3\">\n\t\t<p><span class=\"wpcf7-form-control-wrap\" data-name=\"tel-284\"><input size=\"40\" maxlength=\"400\" class=\"wpcf7-form-control wpcf7-tel wpcf7-validates-as-required wpcf7-text wpcf7-validates-as-tel\" aria-required=\"true\" aria-invalid=\"false\" placeholder=\"Telephone *\" value=\"\" type=\"tel\" name=\"tel-284\" \/><\/span>\n\t\t<\/p>\n\t<\/div>\n\t<div class=\"col-xs-12 col-md-6 pb-3\">\n\t\t<p><span class=\"wpcf7-form-control-wrap\" data-name=\"email-597\"><input size=\"40\" maxlength=\"400\" class=\"wpcf7-form-control wpcf7-email wpcf7-validates-as-required wpcf7-text wpcf7-validates-as-email\" aria-required=\"true\" aria-invalid=\"false\" placeholder=\"E-mail *\" value=\"\" type=\"email\" name=\"email-597\" \/><\/span>\n\t\t<\/p>\n\t<\/div>\n\t<div class=\"col-xs-12 col-md-12  pb-3\">\n\t\t<p><span class=\"wpcf7-form-control-wrap\" data-name=\"textarea-283\"><textarea cols=\"40\" rows=\"10\" maxlength=\"2000\" class=\"wpcf7-form-control wpcf7-textarea\" aria-invalid=\"false\" placeholder=\"Message\" name=\"textarea-283\"><\/textarea><\/span>\n\t\t<\/p>\n\t<\/div>\n\t<div class=\"col-xs-12 col-md-9\">\n\t\t<p class=\"mb-1 texto-legal small\"><span class=\"wpcf7-form-control-wrap\" data-name=\"acceptance-726\"><span class=\"wpcf7-form-control wpcf7-acceptance\"><span class=\"wpcf7-list-item\"><input type=\"checkbox\" name=\"acceptance-726\" value=\"1\" aria-invalid=\"false\" \/><\/span><\/span><\/span>I have read and accept the <a href=\"\/en\/legal-warning\/\" target=\"_blank\">legal warning<\/a> and the <a href=\"\/en\/privacy-policy\/\" target=\"_blank\">privacy Policy<\/a>\n\t\t<\/p>\n\t<\/div>\n\t<div class=\"col-xs-12 col-md-3\">\n\t\t<p><input class=\"wpcf7-form-control wpcf7-submit has-spinner\" type=\"submit\" value=\"Send\" \/>\n\t\t<\/p>\n\t<\/div>\n<\/div><div class=\"wpcf7-response-output\" aria-hidden=\"true\"><\/div>\n<\/form>\n<\/div>\n\n<\/div>\n<\/div>\n<\/div>\n<div class=\"col-xs-12 col-md-1\"><\/div>\n<\/div>\n<\/div>\n<div class=\"container-fluid p-0 mapa wow slideInUp\">\n<p><iframe style=\"border: 0;\" src=\"https:\/\/www.google.com\/maps\/embed?pb=!1m18!1m12!1m3!1d6338.515657136981!2d-6.008506323212805!3d37.407380372080254!2m3!1f0!2f0!3f0!3m2!1i1024!2i768!4f13.1!3m3!1m2!1s0xd126b8c96ec4ba5%3A0xe7bfe7bcbed1697!2sC.%20Leonardo%20da%20Vinci%2C%2018%2C%2041092%20Sevilla!5e0!3m2!1ses!2ses!4v1721392729077!5m2!1ses!2ses\" width=\"600\" height=\"450\" allowfullscreen=\"allowfullscreen\"><\/iframe><\/p>\n<\/div>\n","protected":false},"excerpt":{"rendered":"<p>Contact with us You can contact us at: Andaluc\u00eda Aerospace offices in PCT Cartuja Tecnoincubadora Marie Curie. C\/ Leonardo da Vinci, 18. Planta 3, M\u00f3dulo 9. 41092 Sevilla, Espa\u00f1a. Telephone: (+34) 955 12 07 96 E-mail: comunicacion@andaluciaaerospace.com<\/p>\n<a class=\"btn btn-primary read-more-button\" href=\"https:\/\/andaluciaaerospace.com\/en\/contact\/\">Leer m\u00e1s...<\/a>","protected":false},"author":1,"featured_media":0,"parent":0,"menu_order":0,"comment_status":"closed","ping_status":"closed","template":"pages-templates\/empty-page.php","meta":{"_acf_changed":false,"_bbp_topic_count":0,"_bbp_reply_count":0,"_bbp_total_topic_count":0,"_bbp_total_reply_count":0,"_bbp_voice_count":0,"_bbp_anonymous_reply_count":0,"_bbp_topic_count_hidden":0,"_bbp_reply_count_hidden":0,"_bbp_forum_subforum_count":0,"footnotes":""},"class_list":["post-24079","page","type-page","status-publish","hentry"],"acf":[],"yoast_head":"<!-- This site is optimized with the Yoast SEO plugin v23.6 - https:\/\/yoast.com\/wordpress\/plugins\/seo\/ -->\n<title>Contact - Andaluc\u00eda Aerospace<\/title>\n<meta name=\"description\" content=\"Contact .Andaluc\u00eda Aerospace, cl\u00faster empresarial aeroespacial andaluz.\" \/>\n<meta name=\"robots\" content=\"index, follow, max-snippet:-1, max-image-preview:large, max-video-preview:-1\" \/>\n<link rel=\"canonical\" href=\"https:\/\/andaluciaaerospace.com\/en\/contact\/\" \/>\n<meta property=\"og:locale\" content=\"en_US\" \/>\n<meta property=\"og:type\" content=\"article\" \/>\n<meta property=\"og:title\" content=\"Contact - Andaluc\u00eda Aerospace\" \/>\n<meta property=\"og:description\" content=\"Contact .Andaluc\u00eda Aerospace, cl\u00faster empresarial aeroespacial andaluz.\" \/>\n<meta property=\"og:url\" content=\"https:\/\/andaluciaaerospace.com\/en\/contact\/\" \/>\n<meta property=\"og:site_name\" content=\"Andaluc\u00eda Aerospace\" \/>\n<meta property=\"article:modified_time\" content=\"2024-10-15T10:46:43+00:00\" \/>\n<meta property=\"og:image\" content=\"http:\/\/andaluciaaerospace.com\/wp-content\/uploads\/2021\/04\/cabecera-contacto.jpg\" \/>\n<meta name=\"twitter:card\" content=\"summary_large_image\" \/>\n<script type=\"application\/ld+json\" class=\"yoast-schema-graph\">{\"@context\":\"https:\/\/schema.org\",\"@graph\":[{\"@type\":[\"WebPage\",\"SearchResultsPage\"],\"@id\":\"https:\/\/andaluciaaerospace.com\/en\/contact\/\",\"url\":\"https:\/\/andaluciaaerospace.com\/en\/contact\/\",\"name\":\"Contact - Andaluc\u00eda Aerospace\",\"isPartOf\":{\"@id\":\"https:\/\/andaluciaaerospace.com\/en\/#website\"},\"primaryImageOfPage\":{\"@id\":\"https:\/\/andaluciaaerospace.com\/en\/contact\/#primaryimage\"},\"image\":{\"@id\":\"https:\/\/andaluciaaerospace.com\/en\/contact\/#primaryimage\"},\"thumbnailUrl\":\"http:\/\/andaluciaaerospace.com\/wp-content\/uploads\/2021\/04\/cabecera-contacto.jpg\",\"datePublished\":\"2021-03-04T16:24:16+00:00\",\"dateModified\":\"2024-10-15T10:46:43+00:00\",\"description\":\"Contact .Andaluc\u00eda Aerospace, cl\u00faster empresarial aeroespacial andaluz.\",\"breadcrumb\":{\"@id\":\"https:\/\/andaluciaaerospace.com\/en\/contact\/#breadcrumb\"},\"inLanguage\":\"en-US\",\"potentialAction\":[{\"@type\":\"ReadAction\",\"target\":[\"https:\/\/andaluciaaerospace.com\/en\/contact\/\"]}]},{\"@type\":\"ImageObject\",\"inLanguage\":\"en-US\",\"@id\":\"https:\/\/andaluciaaerospace.com\/en\/contact\/#primaryimage\",\"url\":\"http:\/\/andaluciaaerospace.com\/wp-content\/uploads\/2021\/04\/cabecera-contacto.jpg\",\"contentUrl\":\"http:\/\/andaluciaaerospace.com\/wp-content\/uploads\/2021\/04\/cabecera-contacto.jpg\"},{\"@type\":\"BreadcrumbList\",\"@id\":\"https:\/\/andaluciaaerospace.com\/en\/contact\/#breadcrumb\",\"itemListElement\":[{\"@type\":\"ListItem\",\"position\":1,\"name\":\"Portada\",\"item\":\"https:\/\/andaluciaaerospace.com\/en\/\"},{\"@type\":\"ListItem\",\"position\":2,\"name\":\"Contact\"}]},{\"@type\":\"WebSite\",\"@id\":\"https:\/\/andaluciaaerospace.com\/en\/#website\",\"url\":\"https:\/\/andaluciaaerospace.com\/en\/\",\"name\":\"Andaluc\u00eda Aerospace\",\"description\":\"Cluster empresarial aeron\u00e1utico\",\"potentialAction\":[{\"@type\":\"SearchAction\",\"target\":{\"@type\":\"EntryPoint\",\"urlTemplate\":\"https:\/\/andaluciaaerospace.com\/en\/?s={search_term_string}\"},\"query-input\":{\"@type\":\"PropertyValueSpecification\",\"valueRequired\":true,\"valueName\":\"search_term_string\"}}],\"inLanguage\":\"en-US\"}]}<\/script>\n<!-- \/ Yoast SEO plugin. -->","yoast_head_json":{"title":"Contact - Andaluc\u00eda Aerospace","description":"Contact .Andaluc\u00eda Aerospace, cl\u00faster empresarial aeroespacial andaluz.","robots":{"index":"index","follow":"follow","max-snippet":"max-snippet:-1","max-image-preview":"max-image-preview:large","max-video-preview":"max-video-preview:-1"},"canonical":"https:\/\/andaluciaaerospace.com\/en\/contact\/","og_locale":"en_US","og_type":"article","og_title":"Contact - Andaluc\u00eda Aerospace","og_description":"Contact .Andaluc\u00eda Aerospace, cl\u00faster empresarial aeroespacial andaluz.","og_url":"https:\/\/andaluciaaerospace.com\/en\/contact\/","og_site_name":"Andaluc\u00eda Aerospace","article_modified_time":"2024-10-15T10:46:43+00:00","og_image":[{"url":"http:\/\/andaluciaaerospace.com\/wp-content\/uploads\/2021\/04\/cabecera-contacto.jpg"}],"twitter_card":"summary_large_image","schema":{"@context":"https:\/\/schema.org","@graph":[{"@type":["WebPage","SearchResultsPage"],"@id":"https:\/\/andaluciaaerospace.com\/en\/contact\/","url":"https:\/\/andaluciaaerospace.com\/en\/contact\/","name":"Contact - Andaluc\u00eda Aerospace","isPartOf":{"@id":"https:\/\/andaluciaaerospace.com\/en\/#website"},"primaryImageOfPage":{"@id":"https:\/\/andaluciaaerospace.com\/en\/contact\/#primaryimage"},"image":{"@id":"https:\/\/andaluciaaerospace.com\/en\/contact\/#primaryimage"},"thumbnailUrl":"http:\/\/andaluciaaerospace.com\/wp-content\/uploads\/2021\/04\/cabecera-contacto.jpg","datePublished":"2021-03-04T16:24:16+00:00","dateModified":"2024-10-15T10:46:43+00:00","description":"Contact .Andaluc\u00eda Aerospace, cl\u00faster empresarial aeroespacial andaluz.","breadcrumb":{"@id":"https:\/\/andaluciaaerospace.com\/en\/contact\/#breadcrumb"},"inLanguage":"en-US","potentialAction":[{"@type":"ReadAction","target":["https:\/\/andaluciaaerospace.com\/en\/contact\/"]}]},{"@type":"ImageObject","inLanguage":"en-US","@id":"https:\/\/andaluciaaerospace.com\/en\/contact\/#primaryimage","url":"http:\/\/andaluciaaerospace.com\/wp-content\/uploads\/2021\/04\/cabecera-contacto.jpg","contentUrl":"http:\/\/andaluciaaerospace.com\/wp-content\/uploads\/2021\/04\/cabecera-contacto.jpg"},{"@type":"BreadcrumbList","@id":"https:\/\/andaluciaaerospace.com\/en\/contact\/#breadcrumb","itemListElement":[{"@type":"ListItem","position":1,"name":"Portada","item":"https:\/\/andaluciaaerospace.com\/en\/"},{"@type":"ListItem","position":2,"name":"Contact"}]},{"@type":"WebSite","@id":"https:\/\/andaluciaaerospace.com\/en\/#website","url":"https:\/\/andaluciaaerospace.com\/en\/","name":"Andaluc\u00eda Aerospace","description":"Cluster empresarial aeron\u00e1utico","potentialAction":[{"@type":"SearchAction","target":{"@type":"EntryPoint","urlTemplate":"https:\/\/andaluciaaerospace.com\/en\/?s={search_term_string}"},"query-input":{"@type":"PropertyValueSpecification","valueRequired":true,"valueName":"search_term_string"}}],"inLanguage":"en-US"}]}},"_links":{"self":[{"href":"https:\/\/andaluciaaerospace.com\/en\/wp-json\/wp\/v2\/pages\/24079","targetHints":{"allow":["GET"]}}],"collection":[{"href":"https:\/\/andaluciaaerospace.com\/en\/wp-json\/wp\/v2\/pages"}],"about":[{"href":"https:\/\/andaluciaaerospace.com\/en\/wp-json\/wp\/v2\/types\/page"}],"author":[{"embeddable":true,"href":"https:\/\/andaluciaaerospace.com\/en\/wp-json\/wp\/v2\/users\/1"}],"replies":[{"embeddable":true,"href":"https:\/\/andaluciaaerospace.com\/en\/wp-json\/wp\/v2\/comments?post=24079"}],"version-history":[{"count":5,"href":"https:\/\/andaluciaaerospace.com\/en\/wp-json\/wp\/v2\/pages\/24079\/revisions"}],"predecessor-version":[{"id":29232,"href":"https:\/\/andaluciaaerospace.com\/en\/wp-json\/wp\/v2\/pages\/24079\/revisions\/29232"}],"wp:attachment":[{"href":"https:\/\/andaluciaaerospace.com\/en\/wp-json\/wp\/v2\/media?parent=24079"}],"curies":[{"name":"wp","href":"https:\/\/api.w.org\/{rel}","templated":true}]}}